{"id":1113262,"date":"2018-04-30T21:46:02","date_gmt":"2018-04-30T19:46:02","guid":{"rendered":"http:\/\/www.mainstyle.org\/?page_id=1113262"},"modified":"2023-03-04T23:22:07","modified_gmt":"2023-03-04T22:22:07","slug":"datenschutzerklaerung","status":"publish","type":"page","link":"https:\/\/mainstyle.org\/index.php\/datenschutzerklaerung\/","title":{"rendered":"DSGVO"},"content":{"rendered":"\n<header class=\"entry-header\">\n<h1 class=\"entry-title\">Datenschutzerkl\u00e4rung<\/h1>\n<\/header>\n\n\n\n<div class=\"entry-content\">\n<p>Die Nutzung dieser Website ist ohne Angabe personenbezogener Daten m\u00f6glich. Soweit auf diesen Seiten personenbezogene Daten (beispielsweise Name, Anschrift&nbsp;oder E-Mail-Adressen) erhoben werden, erfolgt dies, soweit m\u00f6glich, stets auf freiwilliger Basis.&nbsp;Diese Daten werden ohne Ihre ausdr\u00fcckliche Zustimmung nicht an Dritte weitergegeben.<\/p>\n<p>\u2022 Cookies<\/p>\n<p>Diese Internetseiten verwenden teilweise sogenannte Cookies. Cookies dienen dazu, das Angebot benutzerfreundlicher zu machen. Cookies sind kleine Textdateien, die auf Ihrem Rechner abgelegt werden und die Ihr Browser speichert.<\/p>\n<p>Die meisten der hier verwendeten Cookies sind so genannte \u201eSession-Cookies\u201c. Sie werden nach Ende Ihres Besuchs automatisch gel\u00f6scht. Andere Cookies bleiben auf Ihrem Endger\u00e4t gespeichert, bis Sie diese l\u00f6schen. Diese Cookies erm\u00f6glichen es, Ihren Browser beim n\u00e4chsten Besuch wieder zuerkennen.<br>Bei der Deaktivierung von Cookies kann die Funktionalit\u00e4t dieser Website eingeschr\u00e4nkt sein.<\/p>\n<p>\u2022 Server-Log-Files<\/p>\n<p>Der Webserver speichert automatisch Informationen in sogenannten Server-Log Files, die Ihr Browser automatisch \u00fcbermittelt.<\/p>\n<p>Dies sind:<\/p>\n<ul>\n<li>Browsertyp und Browserversion<\/li>\n<li>verwendetes Betriebssystem<\/li>\n<li>Referrer URL<\/li>\n<li>Hostname des zugreifenden Rechners<\/li>\n<li>Uhrzeit der Serveranfrage<\/li>\n<li>IP-Adresse<\/li>\n<\/ul>\n<p>Eine Zusammenf\u00fchrung dieser Daten mit anderen Datenquellen wird nicht vorgenommen.&nbsp;Grundlage f\u00fcr die Datenverarbeitung ist Art. 6 Abs. 1 lit. b DSGVO, der die Verarbeitung von Daten zur Erf\u00fcllung eines Vertrags oder vorvertraglicher Ma\u00dfnahmen gestattet.<\/p>\n<p>\u2022 Einbindung von Diensten und Inhalten Dritter<\/p>\n<p><span class=\"ts-muster-content\">Ich setze innerhalb meiner Website auf Grundlage meiner berechtigten Interessen (d.h. Interesse an der Analyse, Optimierung und wirtschaftlichem Betrieb meines Onlineangebotes im Sinne des Art. 6 Abs. 1 lit. f. DSGVO) Inhalts- oder Serviceangebote von Drittanbietern ein, um Inhalte und Services, wie z.B. Audio- und Videodateien, einzubinden. &nbsp;<\/span>Hierf\u00fcr ist es erforderlich, dass die Drittanbieter dieser Inhalte Ihre IP-Adresse wahrnehmen, da sie ohne die IP-Adresse die Inhalte nicht an Ihren Browser senden k\u00f6nnten.&nbsp;<span class=\"ts-muster-content\">Die IP-Adresse wird somit f\u00fcr die Darstellung dieser Inhalte ben\u00f6tigt.&nbsp;<\/span><span class=\"ts-muster-content\">Drittanbieter k\u00f6nnen ferner so genannte \u201ePixel-Tags\u201c (unsichtbare Grafiken, auch als \u201cWeb Beacons\u201d bekannt) f\u00fcr statistische oder Marketingzwecke verwenden. Durch die \u201cPixel-Tags\u201d k\u00f6nnen Informationen, wie der Besucherverkehr auf den Seiten dieses Blogs ausgewertet werden.<\/span><\/p>\n<p>\u2022<\/p>\n<p>Folgende Dienste von Drittanbietern setzen wir auf unserer Website ein:<\/p>\n<div class=\"entry-content\">\n<p>\u2022 Datenschutzerkl\u00e4rung f\u00fcr die Nutzung von Twitter<\/p>\n<p>Auf dieser Website sind Funktionen des Dienstes Twitter eingebunden.&nbsp;Diese Funktionen werden angeboten durch die Twitter Inc., Twitter, Inc.&nbsp;1355 Market St, Suite 900, San Francisco, CA 94103, USA. Durch das Benutzen&nbsp;von Twitter und der Funktion \u201eRe-Tweet\u201c werden die von Ihnen&nbsp;besuchten Webseiten mit Ihrem Twitter-Account verkn\u00fcpft und anderen&nbsp;Nutzern bekannt gegeben. Dabei werden auch Daten an Twitter \u00fcbertragen.<\/p>\n<p>Wir weisen darauf hin, dass wir als Anbieter der Seiten keine Kenntnis vom Inhalt der \u00fcbermittelten Daten sowie deren Nutzung durch Twitter erhalte. Weitere Informationen hierzu finden Sie in der <a href=\"http:\/\/twitter.com\/privacy\" target=\"_blank\" rel=\"noopener noreferrer\">Datenschutzerkl\u00e4rung von Twitter<\/a>.<\/p>\n<p>Ihre Datenschutzeinstellungen bei Twitter k\u00f6nnen Sie in den&nbsp;Konto-Einstellungen unter<br><a href=\"http:\/\/twitter.com\/account\/settings\" target=\"_blank\" rel=\"noopener noreferrer\">http:\/\/twitter.com\/account\/settings<\/a>&nbsp;\u00e4ndern.<\/p>\n<p>\u2022 Datenschutzerkl\u00e4rung f\u00fcr die Nutzung von Vimeo<\/p>\n<p>Auf dieser Webseite sind Funktionen des Dienstes Vimeo eingebunden. Diese Funktionen werden angeboten durch Vimeo, LLC 555 West 18th Street New York, New York 10011. Weitere Informationen hierzu finden Sie in den&nbsp;<a title=\"\u00d6ffnet externen Link in neuem Fenster\" href=\"http:\/\/vimeo.com\/privacy\">Datenschutzrichtlinien von Vimeo<\/a>.<\/p>\n<p>\u2022 Datenschutzerkl\u00e4rung f\u00fcr die Nutzung von WordPress.com-Stats<\/p>\n<p>Diese Website benutzt WordPress.com-Stats, ein Tool zur statistischen Auswertung der Besucherzugriffe, betrieben von Automattic Inc., 60 29th Street #343, San Francisco, CA 94110-4929, USA,&nbsp;unter Einsatz der Trackingtechnologie von Quantcast Inc.,&nbsp;201 3rd St, Floor 2, San Francisco, CA 94103-3153, USA. WordPress.com-Stats verwendet sogenannte \u201eCookies\u201c, also Textdateien, die auf Ihrem Computer gespeichert werden und die eine Analyse der Benutzung der Website durch Sie erm\u00f6glichen. Die durch den Cookie erzeugten Informationen \u00fcber Ihre Benutzung dieses Internetangebotes werden auf einem Server in den USA gespeichert.&nbsp;Die IP-Adresse wird sofort nach der Verarbeitung und vor deren Speicherung anonymisiert.&nbsp;Sie k\u00f6nnen die Installation der Cookies durch eine entsprechende Einstellung Ihrer Browser-Software verhindern; ich weisen Sie jedoch darauf hin, dass Sie in diesem Fall gegebenenfalls nicht s\u00e4mtliche Funktionen dieser Website vollumf\u00e4nglich nutzen k\u00f6nnen. Sie k\u00f6nnen der Erhebung und Nutzung der Daten durch Quantcast mit Wirkung f\u00fcr die Zukunft widersprechen, indem Sie an dieser Stelle durch einen Klick auf den Link \u201eClick here to opt-out\u201c&nbsp;ein Opt-Out-Cookie in Ihrem Browser setzen:&nbsp;<a href=\"http:\/\/www.quantcast.com\/opt-out\">http:\/\/www.quantcast.com\/opt-out<\/a>.&nbsp;Sollten Sie alle Cookies auf Ihrem Rechner l\u00f6schen, m\u00fcssen Sie das Opt-Out-Cookie erneut setzen.<\/p>\n<p>\u2022 Datenschutzerkl\u00e4rung f\u00fcr die Nutzung von YouTube<\/p>\n<p>Auf dieser Webseite sind Funktionen des Dienstes YouTube eingebunden. Diese Funktionen werden angeboten durch YouTube, LLC 901 Cherry Ave. San Bruno, CA 94066 USA. Weitere Informationen hierzu finden Sie in den&nbsp;<a title=\"\u00d6ffnet externen Link in neuem Fenster\" href=\"http:\/\/www.youtube.com\/t\/terms\">Datenschutzrichtlinien von YouTube<\/a>.<\/p>\n<p>\u2022 Datenschutzerkl\u00e4rung f\u00fcr die Nutzung von Facebook<\/p>\n<\/div>\n<p>Auf unseren Seiten sind Plugins des sozialen Netzwerks Facebook, 1601 South California Avenue, Palo Alto, CA 94304, USA integriert. Die Facebook-Plugins erkennen Sie an dem Facebook-Logo oder dem &#8222;Like-Button&#8220; (&#8222;Gef\u00e4llt mir\u201c) auf unserer Seite. Eine \u00dcbersicht \u00fcber die Facebook-Plugins finden Sie hier:&nbsp;<a href=\"http:\/\/developers.facebook.com\/docs\/plugins\/\" target=\"_blank\" rel=\"nofollow noopener noreferrer\">http:\/\/developers.facebook.com\/docs\/plugins\/<\/a>&nbsp;Wenn Sie unsere Seiten besuchen, wird \u00fcber das Plugin eine direkte Verbindung zwischen Ihrem Browser und dem Facebook-Server hergestellt. Facebook erh\u00e4lt dadurch die Information, dass Sie mit Ihrer IP-Adresse unsere Seite besucht haben. Wenn Sie den Facebook \u201eLike-Button\u201c anklicken w\u00e4hrend Sie in Ihrem Facebook-Account eingeloggt sind, k\u00f6nnen Sie die Inhalte unserer Seiten auf Ihrem Facebook-Profil verlinken. Dadurch kann Facebook den Besuch unserer Seiten Ihrem Benutzerkonto zuordnen. Wir weisen darauf hin, dass wir als Anbieter der Seiten keine Kenntnis vom Inhalt der \u00fcbermittelten Daten sowie deren Nutzung durch Facebook erhalten. Weitere Informationen hierzu finden Sie in der Datenschutzerkl\u00e4rung von facebook unter&nbsp;<a href=\"https:\/\/de-de.facebook.com\/policy.php\" target=\"_blank\" rel=\"nofollow noopener noreferrer\">https:\/\/de-de.facebook.com\/policy.php<\/a><\/p>\n<p>Wenn Sie nicht w\u00fcnschen, dass Facebook den Besuch unserer Seiten Ihrem Facebook-Nutzerkonto zuordnen kann, loggen Sie sich bitte aus Ihrem Facebook-Benutzerkonto aus.<\/p>\n<p>\u2022 Datenschutzerkl\u00e4rung f\u00fcr die Nutzung von Instagram<\/p>\n<p>Innerhalb unseres Onlineangebotes k\u00f6nnen Funktionen und Inhalte des Dienstes Instagram, angeboten durch die Instagram Inc., 1601 Willow Road, Menlo Park, CA, 94025, USA, eingebunden werden.<\/p>\n<p>Hierzu k\u00f6nnen z.B. Inhalte wie Bilder, Videos oder Texte und Schaltfl\u00e4chen geh\u00f6ren, mit denen&nbsp;Du Dein&nbsp;Gefallen betreffend Inhalte kundtun, den Verfassern der Inhalte oder unsere Beitr\u00e4ge abonnieren&nbsp;kannst. Sofern&nbsp;Du&nbsp;Mitglied der Plattform Instagram&nbsp;bist, kann Instagram den Aufruf der o.g. Inhalte und Funktionen&nbsp;Deinen Profilen&nbsp;zuordnen.<\/p>\n<ul>\n<li>Datenschutzerkl\u00e4rung von Instagram<br>Mehr Informationen zum Umgang mit Nutzerdaten bei Instagram findest Du in der&nbsp;<a href=\"http:\/\/instagram.com\/about\/legal\/privacy\/\" target=\"_blank\" rel=\"noopener noreferrer\">Datenschutzerkl\u00e4rung von Instagram<\/a>.<\/li>\n<li>Grundlage<br>Die Nutzung von Instagram erfolgt im Interesse einer ansprechenden Darstellung unserer Online-Angebote und an einer leichten Auffindbarkeit der von uns auf der Website angegebenen Orte. Dies stellt ein berechtigtes Interesse im Sinne von Art. 6 Abs. 1 lit. f DSGVO dar.<\/li>\n<\/ul>\n<\/div>\n","protected":false},"excerpt":{"rendered":"<p>Datenschutzerkl\u00e4rung Die Nutzung dieser Website ist ohne Angabe personenbezogener Daten m\u00f6glich. Soweit auf diesen Seiten personenbezogene Daten (beispielsweise Name, Anschrift&nbsp;oder E-Mail-Adressen) erhoben werden, erfolgt dies, soweit m\u00f6glich, stets auf freiwilliger Basis.&nbsp;Diese Daten werden ohne Ihre ausdr\u00fcckliche Zustimmung nicht an Dritte &hellip; <a href=\"https:\/\/mainstyle.org\/index.php\/datenschutzerklaerung\/\">Weiterlesen <span class=\"meta-nav\">&rarr;<\/span><\/a><\/p>\n","protected":false},"author":360,"featured_media":0,"parent":0,"menu_order":4,"comment_status":"closed","ping_status":"closed","template":"","meta":{"jetpack_post_was_ever_published":true,"_mc_calendar":[],"footnotes":""},"class_list":["post-1113262","page","type-page","status-publish","hentry"],"jetpack_shortlink":"https:\/\/wp.me\/P4RzNO-4FBQ","jetpack_likes_enabled":true,"jetpack_sharing_enabled":true,"jetpack-related-posts":[{"id":1666526,"url":"https:\/\/mainstyle.org\/index.php\/about-me-imprint\/","url_meta":{"origin":1113262,"position":0},"title":"about me imprint","author":"admin","date":"2018-06-10","format":false,"excerpt":"Kontakt Mail an: fotojoerg at mainstyle.org Hinweis zum Copyright: Alle Bilder geh\u00f6ren mir, sprich, bei Nutzungsabsichten bitte vorher anfragen. In der Regel d\u00fcrfen alle die Bilder gerne reposten, mit Nennung der Quelle, nach Freigabe durch mich! Wie kam es zu dieser Seite? Im April 2011 erreichte mich eine Nachricht aus\u2026","rel":"","context":"\u00c4hnlicher Beitrag","block_context":{"text":"\u00c4hnlicher Beitrag","link":""},"img":{"alt_text":"","src":"","width":0,"height":0},"classes":[]},{"id":290895,"url":"https:\/\/mainstyle.org\/index.php\/graffiti-videos\/","url_meta":{"origin":1113262,"position":1},"title":"Videos","author":"admin","date":"2016-11-14","format":false,"excerpt":"Hallo zusammen, anbei eine Liste von Links zu Videos die entweder von mir produziert wurden oder mein Bild- und Videomaterial enthalten, neuere Clips weiter unten:\u00a0 1992 Rhein-Main, Frankfurt, Wiesbaden Graffiti, Steeltrains, S-Bahn, Styles & Character - (c) by MainstyleWith AIR, BOMBER, BRAIN, CHEV, KENT, ME, KISM, SIK, SONER and more!\u2026","rel":"","context":"\u00c4hnlicher Beitrag","block_context":{"text":"\u00c4hnlicher Beitrag","link":""},"img":{"alt_text":"","src":"https:\/\/i0.wp.com\/mainstyle.org\/wp-content\/uploads\/filmstrip_mainstyle_video_1024.jpg?fit=1024%2C546&ssl=1&resize=350%2C200","width":350,"height":200,"srcset":"https:\/\/i0.wp.com\/mainstyle.org\/wp-content\/uploads\/filmstrip_mainstyle_video_1024.jpg?fit=1024%2C546&ssl=1&resize=350%2C200 1x, https:\/\/i0.wp.com\/mainstyle.org\/wp-content\/uploads\/filmstrip_mainstyle_video_1024.jpg?fit=1024%2C546&ssl=1&resize=525%2C300 1.5x, https:\/\/i0.wp.com\/mainstyle.org\/wp-content\/uploads\/filmstrip_mainstyle_video_1024.jpg?fit=1024%2C546&ssl=1&resize=700%2C400 2x"},"classes":[]},{"id":1957514,"url":"https:\/\/mainstyle.org\/index.php\/mainstyle-magazin-download\/","url_meta":{"origin":1113262,"position":2},"title":"MAG DOWNLOAD","author":"admin","date":"2018-11-19","format":false,"excerpt":"Hallo zusammen, hier werden in den n\u00e4chsten Wochen evtl. Monaten alle MAINSTYLE Ausgaben nach unserem damaligen Vorbild 14K, im Original (SW), zum Download angeboten und ersetzen bisherige Blogposts zu den Magazinen! Wer Bock hat, kann sich das bald auch als eBook in Farbe besorgen, dauert aber noch,\u00a0erstmal die free Downloads....\u2026","rel":"","context":"\u00c4hnlicher Beitrag","block_context":{"text":"\u00c4hnlicher Beitrag","link":""},"img":{"alt_text":"","src":"https:\/\/i0.wp.com\/mainstyle.org\/wp-content\/uploads\/mainstyledownloads_2048-1.jpg?fit=1200%2C498&ssl=1&resize=350%2C200","width":350,"height":200,"srcset":"https:\/\/i0.wp.com\/mainstyle.org\/wp-content\/uploads\/mainstyledownloads_2048-1.jpg?fit=1200%2C498&ssl=1&resize=350%2C200 1x, https:\/\/i0.wp.com\/mainstyle.org\/wp-content\/uploads\/mainstyledownloads_2048-1.jpg?fit=1200%2C498&ssl=1&resize=525%2C300 1.5x, https:\/\/i0.wp.com\/mainstyle.org\/wp-content\/uploads\/mainstyledownloads_2048-1.jpg?fit=1200%2C498&ssl=1&resize=700%2C400 2x, https:\/\/i0.wp.com\/mainstyle.org\/wp-content\/uploads\/mainstyledownloads_2048-1.jpg?fit=1200%2C498&ssl=1&resize=1050%2C600 3x"},"classes":[]}],"_links":{"self":[{"href":"https:\/\/mainstyle.org\/index.php\/wp-json\/wp\/v2\/pages\/1113262","targetHints":{"allow":["GET"]}}],"collection":[{"href":"https:\/\/mainstyle.org\/index.php\/wp-json\/wp\/v2\/pages"}],"about":[{"href":"https:\/\/mainstyle.org\/index.php\/wp-json\/wp\/v2\/types\/page"}],"author":[{"embeddable":true,"href":"https:\/\/mainstyle.org\/index.php\/wp-json\/wp\/v2\/users\/360"}],"replies":[{"embeddable":true,"href":"https:\/\/mainstyle.org\/index.php\/wp-json\/wp\/v2\/comments?post=1113262"}],"version-history":[{"count":7,"href":"https:\/\/mainstyle.org\/index.php\/wp-json\/wp\/v2\/pages\/1113262\/revisions"}],"predecessor-version":[{"id":5651387,"href":"https:\/\/mainstyle.org\/index.php\/wp-json\/wp\/v2\/pages\/1113262\/revisions\/5651387"}],"wp:attachment":[{"href":"https:\/\/mainstyle.org\/index.php\/wp-json\/wp\/v2\/media?parent=1113262"}],"curies":[{"name":"wp","href":"https:\/\/api.w.org\/{rel}","templated":true}]}}