{"id":160545,"date":"2016-04-24T15:00:06","date_gmt":"2016-04-24T13:00:06","guid":{"rendered":"http:\/\/www.mainstyle.org\/?page_id=160545"},"modified":"2026-04-12T20:36:49","modified_gmt":"2026-04-12T18:36:49","slug":"angebote-rund-das-thema-graffiti-streetart","status":"publish","type":"page","link":"https:\/\/mainstyle.org\/index.php\/angebote-rund-das-thema-graffiti-streetart\/","title":{"rendered":"Sammler Angebote"},"content":{"rendered":"\n<p>Allgemein gibt es hier haupts\u00e4chlich Produkte die ich zu Testzwecken habe anfertigen lassen oder einfach \u00fcbrig habe &#8211; in der Regel sind das Einzelst\u00fccke oder limitierte Auflagen,   Privatverkauf &#8211; f\u00fcr Sammler und Fans!<\/p>\n\n\n\n<h2 class=\"wp-block-heading\"><b>April 2026<\/b><br><br>Alle Angebote auf Kleinanzeigen, ich r\u00e4ume auf&#8230;<\/h2>\n\n\n\n<p><a href=\"https:\/\/www.kleinanzeigen.de\/s-bestandsliste.html?userId=111125\">https:\/\/www.kleinanzeigen.de\/s-bestandsliste.html?userId=111125<\/a><\/p>\n\n\n\n<figure class=\"wp-block-image size-large\"><a href=\"https:\/\/www.kleinanzeigen.de\/s-bestandsliste.html?userId=111125\"><img data-recalc-dims=\"1\" loading=\"lazy\" decoding=\"async\" width=\"584\" height=\"438\" data-attachment-id=\"7256927\" data-permalink=\"https:\/\/mainstyle.org\/index.php\/angebote-rund-das-thema-graffiti-streetart\/img_4328\/\" data-orig-file=\"https:\/\/i0.wp.com\/mainstyle.org\/wp-content\/uploads\/IMG_4328-scaled.jpeg?fit=2560%2C1920&amp;ssl=1\" data-orig-size=\"2560,1920\" data-comments-opened=\"1\" data-image-meta=\"{&quot;aperture&quot;:&quot;1.78&quot;,&quot;credit&quot;:&quot;&quot;,&quot;camera&quot;:&quot;iPhone 14 Pro&quot;,&quot;caption&quot;:&quot;&quot;,&quot;created_timestamp&quot;:&quot;1775507945&quot;,&quot;copyright&quot;:&quot;&quot;,&quot;focal_length&quot;:&quot;6.8600001335176&quot;,&quot;iso&quot;:&quot;64&quot;,&quot;shutter_speed&quot;:&quot;0.02&quot;,&quot;title&quot;:&quot;&quot;,&quot;orientation&quot;:&quot;1&quot;}\" data-image-title=\"IMG_4328\" data-image-description=\"\" data-image-caption=\"\" data-large-file=\"https:\/\/i0.wp.com\/mainstyle.org\/wp-content\/uploads\/IMG_4328-scaled.jpeg?fit=584%2C438&amp;ssl=1\" src=\"https:\/\/i0.wp.com\/mainstyle.org\/wp-content\/uploads\/IMG_4328.jpeg?resize=584%2C438&#038;ssl=1\" alt=\"\" class=\"wp-image-7256927\" srcset=\"https:\/\/i0.wp.com\/mainstyle.org\/wp-content\/uploads\/IMG_4328-scaled.jpeg?resize=1024%2C768&amp;ssl=1 1024w, https:\/\/i0.wp.com\/mainstyle.org\/wp-content\/uploads\/IMG_4328-scaled.jpeg?resize=300%2C225&amp;ssl=1 300w, https:\/\/i0.wp.com\/mainstyle.org\/wp-content\/uploads\/IMG_4328-scaled.jpeg?resize=768%2C576&amp;ssl=1 768w, https:\/\/i0.wp.com\/mainstyle.org\/wp-content\/uploads\/IMG_4328-scaled.jpeg?resize=1536%2C1152&amp;ssl=1 1536w, https:\/\/i0.wp.com\/mainstyle.org\/wp-content\/uploads\/IMG_4328-scaled.jpeg?resize=2048%2C1536&amp;ssl=1 2048w, https:\/\/i0.wp.com\/mainstyle.org\/wp-content\/uploads\/IMG_4328-scaled.jpeg?resize=400%2C300&amp;ssl=1 400w, https:\/\/i0.wp.com\/mainstyle.org\/wp-content\/uploads\/IMG_4328-scaled.jpeg?w=1168&amp;ssl=1 1168w, https:\/\/i0.wp.com\/mainstyle.org\/wp-content\/uploads\/IMG_4328-scaled.jpeg?w=1752&amp;ssl=1 1752w\" sizes=\"auto, (max-width: 584px) 100vw, 584px\" \/><\/a><\/figure>\n\n\n\n<figure class=\"wp-block-image size-large\"><a href=\"https:\/\/www.kleinanzeigen.de\/s-bestandsliste.html?userId=111125\"><img data-recalc-dims=\"1\" loading=\"lazy\" decoding=\"async\" width=\"584\" height=\"438\" data-attachment-id=\"7256939\" data-permalink=\"https:\/\/mainstyle.org\/index.php\/angebote-rund-das-thema-graffiti-streetart\/img_4327\/\" data-orig-file=\"https:\/\/i0.wp.com\/mainstyle.org\/wp-content\/uploads\/IMG_4327-scaled.jpeg?fit=2560%2C1920&amp;ssl=1\" data-orig-size=\"2560,1920\" data-comments-opened=\"1\" data-image-meta=\"{&quot;aperture&quot;:&quot;1.78&quot;,&quot;credit&quot;:&quot;&quot;,&quot;camera&quot;:&quot;iPhone 14 Pro&quot;,&quot;caption&quot;:&quot;&quot;,&quot;created_timestamp&quot;:&quot;1775507918&quot;,&quot;copyright&quot;:&quot;&quot;,&quot;focal_length&quot;:&quot;6.8600001335176&quot;,&quot;iso&quot;:&quot;80&quot;,&quot;shutter_speed&quot;:&quot;0.01&quot;,&quot;title&quot;:&quot;&quot;,&quot;orientation&quot;:&quot;1&quot;}\" data-image-title=\"IMG_4327\" data-image-description=\"\" data-image-caption=\"\" data-large-file=\"https:\/\/i0.wp.com\/mainstyle.org\/wp-content\/uploads\/IMG_4327-scaled.jpeg?fit=584%2C438&amp;ssl=1\" src=\"https:\/\/i0.wp.com\/mainstyle.org\/wp-content\/uploads\/IMG_4327.jpeg?resize=584%2C438&#038;ssl=1\" alt=\"\" class=\"wp-image-7256939\" srcset=\"https:\/\/i0.wp.com\/mainstyle.org\/wp-content\/uploads\/IMG_4327-scaled.jpeg?resize=1024%2C768&amp;ssl=1 1024w, https:\/\/i0.wp.com\/mainstyle.org\/wp-content\/uploads\/IMG_4327-scaled.jpeg?resize=300%2C225&amp;ssl=1 300w, https:\/\/i0.wp.com\/mainstyle.org\/wp-content\/uploads\/IMG_4327-scaled.jpeg?resize=768%2C576&amp;ssl=1 768w, https:\/\/i0.wp.com\/mainstyle.org\/wp-content\/uploads\/IMG_4327-scaled.jpeg?resize=1536%2C1152&amp;ssl=1 1536w, https:\/\/i0.wp.com\/mainstyle.org\/wp-content\/uploads\/IMG_4327-scaled.jpeg?resize=2048%2C1536&amp;ssl=1 2048w, https:\/\/i0.wp.com\/mainstyle.org\/wp-content\/uploads\/IMG_4327-scaled.jpeg?resize=400%2C300&amp;ssl=1 400w, https:\/\/i0.wp.com\/mainstyle.org\/wp-content\/uploads\/IMG_4327-scaled.jpeg?w=1168&amp;ssl=1 1168w, https:\/\/i0.wp.com\/mainstyle.org\/wp-content\/uploads\/IMG_4327-scaled.jpeg?w=1752&amp;ssl=1 1752w\" sizes=\"auto, (max-width: 584px) 100vw, 584px\" \/><\/a><\/figure>\n\n\n\n<figure class=\"wp-block-image size-large\"><a href=\"https:\/\/www.kleinanzeigen.de\/s-bestandsliste.html?userId=111125\"><img data-recalc-dims=\"1\" loading=\"lazy\" decoding=\"async\" width=\"584\" height=\"438\" data-attachment-id=\"7256942\" data-permalink=\"https:\/\/mainstyle.org\/index.php\/angebote-rund-das-thema-graffiti-streetart\/img_4331\/\" data-orig-file=\"https:\/\/i0.wp.com\/mainstyle.org\/wp-content\/uploads\/IMG_4331.jpeg?fit=2048%2C1536&amp;ssl=1\" data-orig-size=\"2048,1536\" data-comments-opened=\"1\" data-image-meta=\"{&quot;aperture&quot;:&quot;1.78&quot;,&quot;credit&quot;:&quot;&quot;,&quot;camera&quot;:&quot;iPhone 14 Pro&quot;,&quot;caption&quot;:&quot;&quot;,&quot;created_timestamp&quot;:&quot;1775679722&quot;,&quot;copyright&quot;:&quot;&quot;,&quot;focal_length&quot;:&quot;6.86&quot;,&quot;iso&quot;:&quot;100&quot;,&quot;shutter_speed&quot;:&quot;0.01&quot;,&quot;title&quot;:&quot;&quot;,&quot;orientation&quot;:&quot;1&quot;}\" data-image-title=\"IMG_4331\" data-image-description=\"\" data-image-caption=\"\" data-large-file=\"https:\/\/i0.wp.com\/mainstyle.org\/wp-content\/uploads\/IMG_4331.jpeg?fit=584%2C438&amp;ssl=1\" src=\"https:\/\/i0.wp.com\/mainstyle.org\/wp-content\/uploads\/IMG_4331.jpeg?resize=584%2C438&#038;ssl=1\" alt=\"\" class=\"wp-image-7256942\" srcset=\"https:\/\/i0.wp.com\/mainstyle.org\/wp-content\/uploads\/IMG_4331.jpeg?resize=1024%2C768&amp;ssl=1 1024w, https:\/\/i0.wp.com\/mainstyle.org\/wp-content\/uploads\/IMG_4331.jpeg?resize=300%2C225&amp;ssl=1 300w, https:\/\/i0.wp.com\/mainstyle.org\/wp-content\/uploads\/IMG_4331.jpeg?resize=768%2C576&amp;ssl=1 768w, https:\/\/i0.wp.com\/mainstyle.org\/wp-content\/uploads\/IMG_4331.jpeg?resize=1536%2C1152&amp;ssl=1 1536w, https:\/\/i0.wp.com\/mainstyle.org\/wp-content\/uploads\/IMG_4331.jpeg?resize=400%2C300&amp;ssl=1 400w, https:\/\/i0.wp.com\/mainstyle.org\/wp-content\/uploads\/IMG_4331.jpeg?w=2048&amp;ssl=1 2048w, https:\/\/i0.wp.com\/mainstyle.org\/wp-content\/uploads\/IMG_4331.jpeg?w=1168&amp;ssl=1 1168w, https:\/\/i0.wp.com\/mainstyle.org\/wp-content\/uploads\/IMG_4331.jpeg?w=1752&amp;ssl=1 1752w\" sizes=\"auto, (max-width: 584px) 100vw, 584px\" \/><\/a><\/figure>\n\n\n\n<figure class=\"wp-block-image size-large\"><a href=\"https:\/\/www.kleinanzeigen.de\/s-bestandsliste.html?userId=111125\"><img data-recalc-dims=\"1\" loading=\"lazy\" decoding=\"async\" width=\"584\" height=\"438\" data-attachment-id=\"7256948\" data-permalink=\"https:\/\/mainstyle.org\/index.php\/angebote-rund-das-thema-graffiti-streetart\/img_4338\/\" data-orig-file=\"https:\/\/i0.wp.com\/mainstyle.org\/wp-content\/uploads\/IMG_4338-scaled.jpeg?fit=2560%2C1920&amp;ssl=1\" data-orig-size=\"2560,1920\" data-comments-opened=\"1\" data-image-meta=\"{&quot;aperture&quot;:&quot;1.78&quot;,&quot;credit&quot;:&quot;&quot;,&quot;camera&quot;:&quot;iPhone 14 Pro&quot;,&quot;caption&quot;:&quot;&quot;,&quot;created_timestamp&quot;:&quot;1775682887&quot;,&quot;copyright&quot;:&quot;&quot;,&quot;focal_length&quot;:&quot;6.8600001335176&quot;,&quot;iso&quot;:&quot;64&quot;,&quot;shutter_speed&quot;:&quot;0.02&quot;,&quot;title&quot;:&quot;&quot;,&quot;orientation&quot;:&quot;1&quot;}\" data-image-title=\"IMG_4338\" data-image-description=\"\" data-image-caption=\"\" data-large-file=\"https:\/\/i0.wp.com\/mainstyle.org\/wp-content\/uploads\/IMG_4338-scaled.jpeg?fit=584%2C438&amp;ssl=1\" src=\"https:\/\/i0.wp.com\/mainstyle.org\/wp-content\/uploads\/IMG_4338.jpeg?resize=584%2C438&#038;ssl=1\" alt=\"\" class=\"wp-image-7256948\" srcset=\"https:\/\/i0.wp.com\/mainstyle.org\/wp-content\/uploads\/IMG_4338-scaled.jpeg?resize=1024%2C768&amp;ssl=1 1024w, https:\/\/i0.wp.com\/mainstyle.org\/wp-content\/uploads\/IMG_4338-scaled.jpeg?resize=300%2C225&amp;ssl=1 300w, https:\/\/i0.wp.com\/mainstyle.org\/wp-content\/uploads\/IMG_4338-scaled.jpeg?resize=768%2C576&amp;ssl=1 768w, https:\/\/i0.wp.com\/mainstyle.org\/wp-content\/uploads\/IMG_4338-scaled.jpeg?resize=1536%2C1152&amp;ssl=1 1536w, https:\/\/i0.wp.com\/mainstyle.org\/wp-content\/uploads\/IMG_4338-scaled.jpeg?resize=2048%2C1536&amp;ssl=1 2048w, https:\/\/i0.wp.com\/mainstyle.org\/wp-content\/uploads\/IMG_4338-scaled.jpeg?resize=400%2C300&amp;ssl=1 400w, https:\/\/i0.wp.com\/mainstyle.org\/wp-content\/uploads\/IMG_4338-scaled.jpeg?w=1168&amp;ssl=1 1168w, https:\/\/i0.wp.com\/mainstyle.org\/wp-content\/uploads\/IMG_4338-scaled.jpeg?w=1752&amp;ssl=1 1752w\" sizes=\"auto, (max-width: 584px) 100vw, 584px\" \/><\/a><\/figure>\n\n\n\n<figure class=\"wp-block-image size-large\"><a href=\"https:\/\/www.kleinanzeigen.de\/s-bestandsliste.html?userId=111125\"><img data-recalc-dims=\"1\" loading=\"lazy\" decoding=\"async\" width=\"584\" height=\"438\" data-attachment-id=\"7256953\" data-permalink=\"https:\/\/mainstyle.org\/index.php\/angebote-rund-das-thema-graffiti-streetart\/img_4337\/\" data-orig-file=\"https:\/\/i0.wp.com\/mainstyle.org\/wp-content\/uploads\/IMG_4337-scaled.jpeg?fit=2560%2C1920&amp;ssl=1\" data-orig-size=\"2560,1920\" data-comments-opened=\"1\" data-image-meta=\"{&quot;aperture&quot;:&quot;1.78&quot;,&quot;credit&quot;:&quot;&quot;,&quot;camera&quot;:&quot;iPhone 14 Pro&quot;,&quot;caption&quot;:&quot;&quot;,&quot;created_timestamp&quot;:&quot;1775680552&quot;,&quot;copyright&quot;:&quot;&quot;,&quot;focal_length&quot;:&quot;6.8600001335176&quot;,&quot;iso&quot;:&quot;100&quot;,&quot;shutter_speed&quot;:&quot;0.01&quot;,&quot;title&quot;:&quot;&quot;,&quot;orientation&quot;:&quot;1&quot;}\" data-image-title=\"IMG_4337\" data-image-description=\"\" data-image-caption=\"\" data-large-file=\"https:\/\/i0.wp.com\/mainstyle.org\/wp-content\/uploads\/IMG_4337-scaled.jpeg?fit=584%2C438&amp;ssl=1\" src=\"https:\/\/i0.wp.com\/mainstyle.org\/wp-content\/uploads\/IMG_4337.jpeg?resize=584%2C438&#038;ssl=1\" alt=\"\" class=\"wp-image-7256953\" srcset=\"https:\/\/i0.wp.com\/mainstyle.org\/wp-content\/uploads\/IMG_4337-scaled.jpeg?resize=1024%2C768&amp;ssl=1 1024w, https:\/\/i0.wp.com\/mainstyle.org\/wp-content\/uploads\/IMG_4337-scaled.jpeg?resize=300%2C225&amp;ssl=1 300w, https:\/\/i0.wp.com\/mainstyle.org\/wp-content\/uploads\/IMG_4337-scaled.jpeg?resize=768%2C576&amp;ssl=1 768w, https:\/\/i0.wp.com\/mainstyle.org\/wp-content\/uploads\/IMG_4337-scaled.jpeg?resize=1536%2C1152&amp;ssl=1 1536w, https:\/\/i0.wp.com\/mainstyle.org\/wp-content\/uploads\/IMG_4337-scaled.jpeg?resize=2048%2C1536&amp;ssl=1 2048w, https:\/\/i0.wp.com\/mainstyle.org\/wp-content\/uploads\/IMG_4337-scaled.jpeg?resize=400%2C300&amp;ssl=1 400w, https:\/\/i0.wp.com\/mainstyle.org\/wp-content\/uploads\/IMG_4337-scaled.jpeg?w=1168&amp;ssl=1 1168w, https:\/\/i0.wp.com\/mainstyle.org\/wp-content\/uploads\/IMG_4337-scaled.jpeg?w=1752&amp;ssl=1 1752w\" sizes=\"auto, (max-width: 584px) 100vw, 584px\" \/><\/a><\/figure>\n\n\n\n<p><br><strong>Buch Hardcover, die <strong>ersten <strong>Frankfurter Offenbach<\/strong>er Graffiti 1987-1982<\/strong><\/strong> <br><strong>ZIP &amp; HEXER Teil 2, 2025 REBUILD.<\/strong><\/p>\n\n\n\n<figure class=\"wp-block-image size-large\"><a href=\"https:\/\/mainstyle.bigcartel.com\/products\"><img data-recalc-dims=\"1\" loading=\"lazy\" decoding=\"async\" width=\"584\" height=\"416\" data-attachment-id=\"7169684\" data-permalink=\"https:\/\/mainstyle.org\/index.php\/angebote-rund-das-thema-graffiti-streetart\/img_3966\/\" data-orig-file=\"https:\/\/i0.wp.com\/mainstyle.org\/wp-content\/uploads\/IMG_3966-scaled.jpg?fit=2560%2C1823&amp;ssl=1\" data-orig-size=\"2560,1823\" data-comments-opened=\"1\" data-image-meta=\"{&quot;aperture&quot;:&quot;1.78&quot;,&quot;credit&quot;:&quot;&quot;,&quot;camera&quot;:&quot;iPhone 14 Pro&quot;,&quot;caption&quot;:&quot;&quot;,&quot;created_timestamp&quot;:&quot;1748992745&quot;,&quot;copyright&quot;:&quot;&quot;,&quot;focal_length&quot;:&quot;6.86&quot;,&quot;iso&quot;:&quot;100&quot;,&quot;shutter_speed&quot;:&quot;0.01&quot;,&quot;title&quot;:&quot;&quot;,&quot;orientation&quot;:&quot;1&quot;}\" data-image-title=\"IMG_3966\" data-image-description=\"\" data-image-caption=\"\" data-large-file=\"https:\/\/i0.wp.com\/mainstyle.org\/wp-content\/uploads\/IMG_3966-scaled.jpg?fit=584%2C416&amp;ssl=1\" src=\"https:\/\/i0.wp.com\/mainstyle.org\/wp-content\/uploads\/IMG_3966.jpg?resize=584%2C416&#038;ssl=1\" alt=\"\" class=\"wp-image-7169684\" srcset=\"https:\/\/i0.wp.com\/mainstyle.org\/wp-content\/uploads\/IMG_3966-scaled.jpg?resize=1024%2C729&amp;ssl=1 1024w, https:\/\/i0.wp.com\/mainstyle.org\/wp-content\/uploads\/IMG_3966-scaled.jpg?resize=300%2C214&amp;ssl=1 300w, https:\/\/i0.wp.com\/mainstyle.org\/wp-content\/uploads\/IMG_3966-scaled.jpg?resize=768%2C547&amp;ssl=1 768w, https:\/\/i0.wp.com\/mainstyle.org\/wp-content\/uploads\/IMG_3966-scaled.jpg?resize=1536%2C1094&amp;ssl=1 1536w, https:\/\/i0.wp.com\/mainstyle.org\/wp-content\/uploads\/IMG_3966-scaled.jpg?resize=2048%2C1459&amp;ssl=1 2048w, https:\/\/i0.wp.com\/mainstyle.org\/wp-content\/uploads\/IMG_3966-scaled.jpg?resize=421%2C300&amp;ssl=1 421w, https:\/\/i0.wp.com\/mainstyle.org\/wp-content\/uploads\/IMG_3966-scaled.jpg?w=1168&amp;ssl=1 1168w, https:\/\/i0.wp.com\/mainstyle.org\/wp-content\/uploads\/IMG_3966-scaled.jpg?w=1752&amp;ssl=1 1752w\" sizes=\"auto, (max-width: 584px) 100vw, 584px\" \/><\/a><\/figure>\n\n\n\n<p>Aufgrund der Nachfrage habe ich ein Rebuild 2025 vom ZIP HEXER &amp; Friends Teil2<br>gebaut (danke Wish) und eine kleine neue Auflage bestellt, <a href=\"https:\/\/mainstyle.bigcartel.com\/products\">Hardcover Buch, 96 Seiten,<br>Grammatur 200mg, Anzahl 10 Stk noch erh\u00e4ltlich. 01.04.2026<\/a><br><br>VORSCHAU:<\/p>\n\n\n\n<figure class=\"wp-block-embed is-type-video is-provider-youtube wp-block-embed-youtube wp-embed-aspect-16-9 wp-has-aspect-ratio\"><div class=\"wp-block-embed__wrapper\">\n<span class=\"embed-youtube\" style=\"text-align:center; display: block;\"><iframe loading=\"lazy\" class=\"youtube-player\" width=\"584\" height=\"329\" src=\"https:\/\/www.youtube.com\/embed\/3csru6ugDeM?version=3&#038;rel=1&#038;showsearch=0&#038;showinfo=1&#038;iv_load_policy=1&#038;fs=1&#038;hl=de-DE&#038;autohide=2&#038;wmode=transparent\" allowfullscreen=\"true\" style=\"border:0;\" sandbox=\"allow-scripts allow-same-origin allow-popups allow-presentation allow-popups-to-escape-sandbox\"><\/iframe><\/span>\n<\/div><\/figure>\n\n\n\n<p><\/p>\n\n\n\n<figure class=\"wp-block-gallery has-nested-images columns-default is-cropped wp-block-gallery-1 is-layout-flex wp-block-gallery-is-layout-flex\"><\/figure>\n\n\n\n<p><\/p>\n\n\n\n<p>HAVE PHUN!<\/p>\n\n\n\n<p><\/p>\n","protected":false},"excerpt":{"rendered":"<p>Allgemein gibt es hier haupts\u00e4chlich Produkte die ich zu Testzwecken habe anfertigen lassen oder einfach \u00fcbrig habe &#8211; in der Regel sind das Einzelst\u00fccke oder limitierte Auflagen, Privatverkauf &#8211; f\u00fcr Sammler und Fans! April 2026 Alle Angebote auf Kleinanzeigen, ich &hellip; <a href=\"https:\/\/mainstyle.org\/index.php\/angebote-rund-das-thema-graffiti-streetart\/\">Weiterlesen <span class=\"meta-nav\">&rarr;<\/span><\/a><\/p>\n","protected":false},"author":360,"featured_media":7170263,"parent":0,"menu_order":3,"comment_status":"closed","ping_status":"closed","template":"","meta":{"jetpack_post_was_ever_published":true,"_mc_calendar":[],"footnotes":""},"class_list":["post-160545","page","type-page","status-publish","has-post-thumbnail","hentry"],"jetpack_shortlink":"https:\/\/wp.me\/P4RzNO-FLr","jetpack_likes_enabled":true,"jetpack_sharing_enabled":true,"jetpack-related-posts":[{"id":1113262,"url":"https:\/\/mainstyle.org\/index.php\/datenschutzerklaerung\/","url_meta":{"origin":160545,"position":0},"title":"DSGVO","author":"admin","date":"2018-04-30","format":false,"excerpt":"Datenschutzerkl\u00e4rung Die Nutzung dieser Website ist ohne Angabe personenbezogener Daten m\u00f6glich. Soweit auf diesen Seiten personenbezogene Daten (beispielsweise Name, Anschrift\u00a0oder E-Mail-Adressen) erhoben werden, erfolgt dies, soweit m\u00f6glich, stets auf freiwilliger Basis.\u00a0Diese Daten werden ohne Ihre ausdr\u00fcckliche Zustimmung nicht an Dritte weitergegeben. \u2022 Cookies Diese Internetseiten verwenden teilweise sogenannte Cookies. Cookies\u2026","rel":"","context":"\u00c4hnlicher Beitrag","block_context":{"text":"\u00c4hnlicher Beitrag","link":""},"img":{"alt_text":"","src":"","width":0,"height":0},"classes":[]},{"id":1957514,"url":"https:\/\/mainstyle.org\/index.php\/mainstyle-magazin-download\/","url_meta":{"origin":160545,"position":1},"title":"MAG DOWNLOAD","author":"admin","date":"2018-11-19","format":false,"excerpt":"Hallo zusammen, hier werden in den n\u00e4chsten Wochen evtl. Monaten alle MAINSTYLE Ausgaben nach unserem damaligen Vorbild 14K, im Original (SW), zum Download angeboten und ersetzen bisherige Blogposts zu den Magazinen! Wer Bock hat, kann sich das bald auch als eBook in Farbe besorgen, dauert aber noch,\u00a0erstmal die free Downloads....\u2026","rel":"","context":"\u00c4hnlicher Beitrag","block_context":{"text":"\u00c4hnlicher Beitrag","link":""},"img":{"alt_text":"","src":"https:\/\/i0.wp.com\/mainstyle.org\/wp-content\/uploads\/mainstyledownloads_2048-1.jpg?fit=1200%2C498&ssl=1&resize=350%2C200","width":350,"height":200,"srcset":"https:\/\/i0.wp.com\/mainstyle.org\/wp-content\/uploads\/mainstyledownloads_2048-1.jpg?fit=1200%2C498&ssl=1&resize=350%2C200 1x, https:\/\/i0.wp.com\/mainstyle.org\/wp-content\/uploads\/mainstyledownloads_2048-1.jpg?fit=1200%2C498&ssl=1&resize=525%2C300 1.5x, https:\/\/i0.wp.com\/mainstyle.org\/wp-content\/uploads\/mainstyledownloads_2048-1.jpg?fit=1200%2C498&ssl=1&resize=700%2C400 2x, https:\/\/i0.wp.com\/mainstyle.org\/wp-content\/uploads\/mainstyledownloads_2048-1.jpg?fit=1200%2C498&ssl=1&resize=1050%2C600 3x"},"classes":[]}],"_links":{"self":[{"href":"https:\/\/mainstyle.org\/index.php\/wp-json\/wp\/v2\/pages\/160545","targetHints":{"allow":["GET"]}}],"collection":[{"href":"https:\/\/mainstyle.org\/index.php\/wp-json\/wp\/v2\/pages"}],"about":[{"href":"https:\/\/mainstyle.org\/index.php\/wp-json\/wp\/v2\/types\/page"}],"author":[{"embeddable":true,"href":"https:\/\/mainstyle.org\/index.php\/wp-json\/wp\/v2\/users\/360"}],"replies":[{"embeddable":true,"href":"https:\/\/mainstyle.org\/index.php\/wp-json\/wp\/v2\/comments?post=160545"}],"version-history":[{"count":127,"href":"https:\/\/mainstyle.org\/index.php\/wp-json\/wp\/v2\/pages\/160545\/revisions"}],"predecessor-version":[{"id":7256970,"href":"https:\/\/mainstyle.org\/index.php\/wp-json\/wp\/v2\/pages\/160545\/revisions\/7256970"}],"wp:featuredmedia":[{"embeddable":true,"href":"https:\/\/mainstyle.org\/index.php\/wp-json\/wp\/v2\/media\/7170263"}],"wp:attachment":[{"href":"https:\/\/mainstyle.org\/index.php\/wp-json\/wp\/v2\/media?parent=160545"}],"curies":[{"name":"wp","href":"https:\/\/api.w.org\/{rel}","templated":true}]}}