{"id":1666526,"date":"2018-06-10T00:30:31","date_gmt":"2018-06-09T22:30:31","guid":{"rendered":"http:\/\/www.mainstyle.org\/?page_id=1666526"},"modified":"2025-11-24T23:10:13","modified_gmt":"2025-11-24T22:10:13","slug":"about-me-imprint","status":"publish","type":"page","link":"https:\/\/mainstyle.org\/index.php\/about-me-imprint\/","title":{"rendered":"about me imprint"},"content":{"rendered":"<p><strong>Kontakt Mail an: fotojoerg at mainstyle.org<\/strong><\/p>\n<p><strong>Hinweis zum Copyright:<\/strong><br \/>\nAlle Bilder geh\u00f6ren mir, sprich, bei Nutzungsabsichten bitte vorher anfragen. In der Regel d\u00fcrfen alle die Bilder gerne reposten, mit Nennung der Quelle, nach Freigabe durch mich!<\/p>\n<p><strong>Wie kam es zu dieser Seite?<\/strong><br \/>\nIm April 2011 erreichte mich eine Nachricht aus den USA, eine Anfrage ob ich nicht noch alte Fotos oder Mainstyle Mags aus Frankfurt h\u00e4tte, also aus der Zeit 1989-1992.<\/p>\n<p>Diese kam von Sime One, seine Liebe zu den alten Sch\u00f6nheiten motivierte mich den Blog zu starten UND motivierte mich auch wieder aktiv zu dokumentieren!<br \/>\nEr ist hier in Frankfurt als 15J\u00e4hriger mit den Pieces aufgewachsen.<br \/>\nDanke Bro Corey aka SIME ONE !!!<\/p>\n<p>In April 2011 I received a message from the USA if I had some old Graffiti photos or Mags etc. from Frankfurt, from the period 1989-1992. It came from Sime One, his love for the old beauties motivated me to start the blog and motivated me to document again! He grew up here in Frankfurt as a 15-year-old with these nice Graffiti Pieces.<br \/>\nThanx Bro Corey aka SIME ONE !!!<\/p>\n<p><strong>MainStyle Blog<\/strong><\/p>\n<p>Der MainStyle Blog aus Frankfurt hat seinen Namen von dem<br \/>\nHip Hop und Graffiti Magazin MAINSTYLE, welches 1990 erstmalig erschien.<\/p>\n<p>Heute zeigt der Blog alte und neue Graffiti aus dem Rhein-Main Gebiet<br \/>\nDer Blog wird kuratiert von J\u00f6rg Kuberek aka &#8222;Fotoj\u00f6rg&#8220;.<\/p>\n<p>Sollte jemand mit der Ver\u00f6ffentlichung von bestimmten Bildern nicht einverstanden sein, bitte ich um Mitteilung per Mail an <strong>fotojoerg <\/strong> \u00e4t mainstyle.org.<\/p>\n<p>VIEL SPASS<\/p>\n<p><strong>Rechtliches \/ Impressum \/ Haftungsausschluss<\/strong><\/p>\n<p>Angaben gem\u00e4\u00df \u00a7 5 TMG:<br \/>\nJ\u00f6rg Udo Kuberek<br \/>\nKontakt: <strong>fotojoerg <\/strong> \u00e4t mainstyle.org<\/p>\n<p>Kommentarfunktion:<br \/>\nF\u00fcr die Kommentare auf unseren Seiten zeichnen die jeweiligen Verfasser verantwortlich. Bitte achtet auf einen angemessenen, gepflegten Umgang miteinander. Ich behalte mir die L\u00f6schung oder Bearbeitung einzelner Kommentare vor.<\/p>\n<p>Haftung f\u00fcr Inhalte: Die Inhalte unserer Seiten wurden mit gr\u00f6\u00dfter Sorgfalt erstellt. F\u00fcr die Richtigkeit, Vollst\u00e4ndigkeit und Aktualit\u00e4t der Inhalte k\u00f6nnen wir jedoch keine Gew\u00e4hr \u00fcbernehmen. Als Diensteanbieter sind wir gem\u00e4\u00df \u00a7 7 Abs.1 TMG f\u00fcr eigene Inhalte auf diesen Seiten nach den allgemeinen Gesetzen verantwortlich. Nach \u00a7\u00a7 8 bis 10 TMG sind wir als Diensteanbieter jedoch nicht verpflichtet, \u00fcbermittelte oder gespeicherte fremde Informationen zu \u00fcberwachen oder nach Umst\u00e4nden zu forschen, die auf eine rechtswidrige T\u00e4tigkeit hinweisen. Verpflichtungen zur Entfernung oder Sperrung der Nutzung von Informationen nach den allgemeinen Gesetzen bleiben hiervon unber\u00fchrt. Eine diesbez\u00fcgliche Haftung ist jedoch erst ab dem Zeitpunkt der Kenntnis einer konkreten Rechtsverletzung m\u00f6glich. Bei Bekanntwerden von entsprechenden Rechtsverletzungen werden wir diese Inhalte umgehend entfernen.<\/p>\n<p>Haftung f\u00fcr Links: Diese Webseite enth\u00e4lt Links zu externen Webseiten Dritter, auf deren Inhalte wir keinen Einfluss haben. Deshalb k\u00f6nnen wir f\u00fcr diese fremden Inhalte auch keine Gew\u00e4hr \u00fcbernehmen. F\u00fcr die Inhalte der verlinkten Seiten ist stets der jeweilige Anbieter oder Betreiber der Seiten verantwortlich. Die verlinkten Seiten wurden zum Zeitpunkt der Verlinkung auf m\u00f6gliche Rechtsverst\u00f6\u00dfe \u00fcberpr\u00fcft. Rechtswidrige Inhalte waren zum Zeitpunkt der Verlinkung nicht erkennbar. Eine permanente inhaltliche Kontrolle der verlinkten Seiten ist jedoch ohne konkrete Anhaltspunkte einer Rechtsverletzung nicht zumutbar. Bei Bekanntwerden von Rechtsverletzungen werden wir derartige Links umgehend entfernen.<\/p>\n<p>Urheberrecht: Die durch die Seitenbetreiber erstellten Inhalte und Werke auf diesen Seiten unterliegen dem deutschen Urheberrecht. Die Vervielf\u00e4ltigung, Bearbeitung, Verbreitung und jede Art der Verwertung au\u00dferhalb der Grenzen des Urheberrechtes bed\u00fcrfen der schriftlichen Zustimmung des Autors bzw. Erstellers. Downloads und Kopien dieser Seite sind nur f\u00fcr den privaten, nicht kommerziellen Gebrauch gestattet. Soweit die Inhalte auf dieser Seite nicht vom Betreiber erstellt wurden, werden die Urheberrechte Dritter beachtet. Insbesondere werden Inhalte Dritter als solche gekennzeichnet. Sollten Sie trotzdem auf eine Urheberrechtsverletzung aufmerksam werden, bitten wir um einen entsprechenden Hinweis. Bei Bekanntwerden von Rechtsverletzungen werden wir derartige Inhalte umgehend entfernen.<\/p>\n<p>Datenschutz: Die Nutzung unserer Webseite ist in der Regel ohne Angabe personenbezogener Daten m\u00f6glich. Soweit auf unseren Seiten personenbezogene Daten (beispielsweise Name, Anschrift oder eMail-Adressen) erhoben werden, erfolgt dies, soweit m\u00f6glich, stets auf freiwilliger Basis. Diese Daten werden ohne Ihre ausdr\u00fcckliche Zustimmung nicht an Dritte weitergegeben. Wir weisen darauf hin, dass die Daten\u00fcbertragung im Internet (z.B. bei der Kommunikation per E-Mail) Sicherheitsl\u00fccken aufweisen kann. Ein l\u00fcckenloser Schutz der Daten vor dem Zugriff durch Dritte ist nicht m\u00f6glich. Der Nutzung von im Rahmen der Impressumspflicht ver\u00f6ffentlichten Kontaktdaten durch Dritte zur \u00dcbersendung von nicht ausdr\u00fccklich angeforderter Werbung und Informationsmaterialien wird hiermit ausdr\u00fccklich widersprochen. Die Betreiber der Seiten behalten sich ausdr\u00fccklich rechtliche Schritte im Falle der unverlangten Zusendung von Werbeinformationen, etwa durch Spam-Mails, vor.<\/p>\n","protected":false},"excerpt":{"rendered":"<p>Kontakt Mail an: fotojoerg at mainstyle.org Hinweis zum Copyright: Alle Bilder geh\u00f6ren mir, sprich, bei Nutzungsabsichten bitte vorher anfragen. In der Regel d\u00fcrfen alle die Bilder gerne reposten, mit Nennung der Quelle, nach Freigabe durch mich! Wie kam es zu &hellip; <a href=\"https:\/\/mainstyle.org\/index.php\/about-me-imprint\/\">Weiterlesen <span class=\"meta-nav\">&rarr;<\/span><\/a><\/p>\n","protected":false},"author":360,"featured_media":0,"parent":0,"menu_order":5,"comment_status":"closed","ping_status":"closed","template":"","meta":{"jetpack_post_was_ever_published":false,"_mc_calendar":[],"footnotes":""},"class_list":["post-1666526","page","type-page","status-publish","hentry"],"jetpack_shortlink":"https:\/\/wp.me\/P4RzNO-6Zxs","jetpack_likes_enabled":true,"jetpack_sharing_enabled":true,"jetpack-related-posts":[{"id":5596507,"url":"https:\/\/mainstyle.org\/index.php\/community-support\/","url_meta":{"origin":1666526,"position":0},"title":"Community Support","author":"admin","date":"2023-01-05","format":false,"excerpt":"Wo konnte ich Bilder spenden oder einen Beitrag leisten mit Fotografien, Leinw\u00e4nden oder Videos? 2025\/2026 ET420 Plochi Canvas f\u00fcr Spuk: 03\/2025 ET420 Plochi Canvas f\u00fcr EIN_PRO_SUCHT_KONTRA (gekauft hat er zwei Leinw\u00e4nde!): 03\/2025 ET420 Plochi Canvas f\u00fcr EIN_PRO_SUCHT_KONTRA (gekauft hat er zwei Leinw\u00e4nde!): 02\/2025 ET420 Plochi Canvas f\u00fcr EIN_PRO_SUCHT_KONTRA zwei gekauft\u2026","rel":"","context":"\u00c4hnlicher Beitrag","block_context":{"text":"\u00c4hnlicher Beitrag","link":""},"img":{"alt_text":"","src":"https:\/\/i0.wp.com\/mainstyle.org\/wp-content\/uploads\/Frankfurt_Springjam_92_1-scaled.jpg?fit=1200%2C324&ssl=1&resize=350%2C200","width":350,"height":200,"srcset":"https:\/\/i0.wp.com\/mainstyle.org\/wp-content\/uploads\/Frankfurt_Springjam_92_1-scaled.jpg?fit=1200%2C324&ssl=1&resize=350%2C200 1x, https:\/\/i0.wp.com\/mainstyle.org\/wp-content\/uploads\/Frankfurt_Springjam_92_1-scaled.jpg?fit=1200%2C324&ssl=1&resize=525%2C300 1.5x, https:\/\/i0.wp.com\/mainstyle.org\/wp-content\/uploads\/Frankfurt_Springjam_92_1-scaled.jpg?fit=1200%2C324&ssl=1&resize=700%2C400 2x, https:\/\/i0.wp.com\/mainstyle.org\/wp-content\/uploads\/Frankfurt_Springjam_92_1-scaled.jpg?fit=1200%2C324&ssl=1&resize=1050%2C600 3x"},"classes":[]},{"id":290895,"url":"https:\/\/mainstyle.org\/index.php\/graffiti-videos\/","url_meta":{"origin":1666526,"position":1},"title":"Videos","author":"admin","date":"2016-11-14","format":false,"excerpt":"Hallo zusammen, anbei eine Liste von Links zu Videos die entweder von mir produziert wurden oder mein Bild- und Videomaterial enthalten, neuere Clips weiter unten:\u00a0 1992 Rhein-Main, Frankfurt, Wiesbaden Graffiti, Steeltrains, S-Bahn, Styles & Character - (c) by MainstyleWith AIR, BOMBER, BRAIN, CHEV, KENT, ME, KISM, SIK, SONER and more!\u2026","rel":"","context":"\u00c4hnlicher Beitrag","block_context":{"text":"\u00c4hnlicher Beitrag","link":""},"img":{"alt_text":"","src":"https:\/\/i0.wp.com\/mainstyle.org\/wp-content\/uploads\/filmstrip_mainstyle_video_1024.jpg?fit=1024%2C546&ssl=1&resize=350%2C200","width":350,"height":200,"srcset":"https:\/\/i0.wp.com\/mainstyle.org\/wp-content\/uploads\/filmstrip_mainstyle_video_1024.jpg?fit=1024%2C546&ssl=1&resize=350%2C200 1x, https:\/\/i0.wp.com\/mainstyle.org\/wp-content\/uploads\/filmstrip_mainstyle_video_1024.jpg?fit=1024%2C546&ssl=1&resize=525%2C300 1.5x, https:\/\/i0.wp.com\/mainstyle.org\/wp-content\/uploads\/filmstrip_mainstyle_video_1024.jpg?fit=1024%2C546&ssl=1&resize=700%2C400 2x"},"classes":[]},{"id":160545,"url":"https:\/\/mainstyle.org\/index.php\/angebote-rund-das-thema-graffiti-streetart\/","url_meta":{"origin":1666526,"position":2},"title":"Sammler Angebote","author":"admin","date":"2016-04-24","format":false,"excerpt":"Allgemein gibt es hier haupts\u00e4chlich Produkte die ich zu Testzwecken habe anfertigen lassen oder einfach \u00fcbrig habe - in der Regel sind das Einzelst\u00fccke oder limitierte Auflagen, Privatverkauf - f\u00fcr Sammler und Fans! April 2026Alle Angebote auf Kleinanzeigen, ich r\u00e4ume auf... https:\/\/www.kleinanzeigen.de\/s-bestandsliste.html?userId=111125 Buch Hardcover, die ersten Frankfurter Offenbacher Graffiti 1987-1982\u2026","rel":"","context":"\u00c4hnlicher Beitrag","block_context":{"text":"\u00c4hnlicher Beitrag","link":""},"img":{"alt_text":"","src":"https:\/\/i0.wp.com\/mainstyle.org\/wp-content\/uploads\/DSC_0352.jpg?fit=1200%2C801&ssl=1&resize=350%2C200","width":350,"height":200,"srcset":"https:\/\/i0.wp.com\/mainstyle.org\/wp-content\/uploads\/DSC_0352.jpg?fit=1200%2C801&ssl=1&resize=350%2C200 1x, https:\/\/i0.wp.com\/mainstyle.org\/wp-content\/uploads\/DSC_0352.jpg?fit=1200%2C801&ssl=1&resize=525%2C300 1.5x, https:\/\/i0.wp.com\/mainstyle.org\/wp-content\/uploads\/DSC_0352.jpg?fit=1200%2C801&ssl=1&resize=700%2C400 2x, https:\/\/i0.wp.com\/mainstyle.org\/wp-content\/uploads\/DSC_0352.jpg?fit=1200%2C801&ssl=1&resize=1050%2C600 3x"},"classes":[]},{"id":1957514,"url":"https:\/\/mainstyle.org\/index.php\/mainstyle-magazin-download\/","url_meta":{"origin":1666526,"position":3},"title":"MAG DOWNLOAD","author":"admin","date":"2018-11-19","format":false,"excerpt":"Hallo zusammen, hier werden in den n\u00e4chsten Wochen evtl. Monaten alle MAINSTYLE Ausgaben nach unserem damaligen Vorbild 14K, im Original (SW), zum Download angeboten und ersetzen bisherige Blogposts zu den Magazinen! Wer Bock hat, kann sich das bald auch als eBook in Farbe besorgen, dauert aber noch,\u00a0erstmal die free Downloads....\u2026","rel":"","context":"\u00c4hnlicher Beitrag","block_context":{"text":"\u00c4hnlicher Beitrag","link":""},"img":{"alt_text":"","src":"https:\/\/i0.wp.com\/mainstyle.org\/wp-content\/uploads\/mainstyledownloads_2048-1.jpg?fit=1200%2C498&ssl=1&resize=350%2C200","width":350,"height":200,"srcset":"https:\/\/i0.wp.com\/mainstyle.org\/wp-content\/uploads\/mainstyledownloads_2048-1.jpg?fit=1200%2C498&ssl=1&resize=350%2C200 1x, https:\/\/i0.wp.com\/mainstyle.org\/wp-content\/uploads\/mainstyledownloads_2048-1.jpg?fit=1200%2C498&ssl=1&resize=525%2C300 1.5x, https:\/\/i0.wp.com\/mainstyle.org\/wp-content\/uploads\/mainstyledownloads_2048-1.jpg?fit=1200%2C498&ssl=1&resize=700%2C400 2x, https:\/\/i0.wp.com\/mainstyle.org\/wp-content\/uploads\/mainstyledownloads_2048-1.jpg?fit=1200%2C498&ssl=1&resize=1050%2C600 3x"},"classes":[]},{"id":1113262,"url":"https:\/\/mainstyle.org\/index.php\/datenschutzerklaerung\/","url_meta":{"origin":1666526,"position":4},"title":"DSGVO","author":"admin","date":"2018-04-30","format":false,"excerpt":"Datenschutzerkl\u00e4rung Die Nutzung dieser Website ist ohne Angabe personenbezogener Daten m\u00f6glich. Soweit auf diesen Seiten personenbezogene Daten (beispielsweise Name, Anschrift\u00a0oder E-Mail-Adressen) erhoben werden, erfolgt dies, soweit m\u00f6glich, stets auf freiwilliger Basis.\u00a0Diese Daten werden ohne Ihre ausdr\u00fcckliche Zustimmung nicht an Dritte weitergegeben. \u2022 Cookies Diese Internetseiten verwenden teilweise sogenannte Cookies. Cookies\u2026","rel":"","context":"\u00c4hnlicher Beitrag","block_context":{"text":"\u00c4hnlicher Beitrag","link":""},"img":{"alt_text":"","src":"","width":0,"height":0},"classes":[]}],"_links":{"self":[{"href":"https:\/\/mainstyle.org\/index.php\/wp-json\/wp\/v2\/pages\/1666526","targetHints":{"allow":["GET"]}}],"collection":[{"href":"https:\/\/mainstyle.org\/index.php\/wp-json\/wp\/v2\/pages"}],"about":[{"href":"https:\/\/mainstyle.org\/index.php\/wp-json\/wp\/v2\/types\/page"}],"author":[{"embeddable":true,"href":"https:\/\/mainstyle.org\/index.php\/wp-json\/wp\/v2\/users\/360"}],"replies":[{"embeddable":true,"href":"https:\/\/mainstyle.org\/index.php\/wp-json\/wp\/v2\/comments?post=1666526"}],"version-history":[{"count":15,"href":"https:\/\/mainstyle.org\/index.php\/wp-json\/wp\/v2\/pages\/1666526\/revisions"}],"predecessor-version":[{"id":7170158,"href":"https:\/\/mainstyle.org\/index.php\/wp-json\/wp\/v2\/pages\/1666526\/revisions\/7170158"}],"wp:attachment":[{"href":"https:\/\/mainstyle.org\/index.php\/wp-json\/wp\/v2\/media?parent=1666526"}],"curies":[{"name":"wp","href":"https:\/\/api.w.org\/{rel}","templated":true}]}}