{"id":1957514,"date":"2018-11-19T01:16:33","date_gmt":"2018-11-19T00:16:33","guid":{"rendered":"http:\/\/www.mainstyle.org\/?page_id=1957514"},"modified":"2023-01-05T18:03:09","modified_gmt":"2023-01-05T17:03:09","slug":"mainstyle-magazin-download","status":"publish","type":"page","link":"https:\/\/mainstyle.org\/index.php\/mainstyle-magazin-download\/","title":{"rendered":"MAG DOWNLOAD"},"content":{"rendered":"<p>Hallo zusammen,<\/p>\n<p>hier werden in den n\u00e4chsten Wochen evtl. Monaten alle MAINSTYLE Ausgaben nach unserem damaligen Vorbild 14K, im Original (SW), zum Download angeboten und<br \/>\nersetzen bisherige Blogposts zu den Magazinen!<\/p>\n<p>Wer Bock hat, kann sich das bald auch als eBook in Farbe besorgen, dauert aber noch,&nbsp;erstmal die free Downloads&#8230;. Writer &amp; Collector friendly&#8230; Have Phun.<\/p>\n<p>Starten m\u00f6chte ich heute 11\/2018 mit der Ausgabe 1.<br \/>\n<strong>MAINSTYLE ISHOO I &#8211; 1990! \ud83d\ude42<\/strong><a href=\"https:\/\/mainstyle.org\/wp-content\/uploads\/MAINSTYLE-ISHOO-Iv1.1_ID2018.pdf\"><img data-recalc-dims=\"1\" loading=\"lazy\" decoding=\"async\" data-attachment-id=\"1957544\" data-permalink=\"https:\/\/mainstyle.org\/index.php\/mainstyle-magazin-download\/mainstyle-ishoo-i-1\/\" data-orig-file=\"https:\/\/i0.wp.com\/mainstyle.org\/wp-content\/uploads\/MAINSTYLE-ISHOO-I-1.gif?fit=722%2C1024&amp;ssl=1\" data-orig-size=\"722,1024\" data-comments-opened=\"1\" data-image-meta=\"{&quot;aperture&quot;:&quot;0&quot;,&quot;credit&quot;:&quot;&quot;,&quot;camera&quot;:&quot;&quot;,&quot;caption&quot;:&quot;&quot;,&quot;created_timestamp&quot;:&quot;0&quot;,&quot;copyright&quot;:&quot;&quot;,&quot;focal_length&quot;:&quot;0&quot;,&quot;iso&quot;:&quot;0&quot;,&quot;shutter_speed&quot;:&quot;0&quot;,&quot;title&quot;:&quot;&quot;,&quot;orientation&quot;:&quot;0&quot;}\" data-image-title=\"MAINSTYLE-ISHOO-I-1\" data-image-description=\"\" data-image-caption=\"\" data-large-file=\"https:\/\/i0.wp.com\/mainstyle.org\/wp-content\/uploads\/MAINSTYLE-ISHOO-I-1.gif?fit=584%2C828&amp;ssl=1\" class=\"aligncenter size-large wp-image-1957544\" src=\"https:\/\/i0.wp.com\/mainstyle.org\/wp-content\/uploads\/MAINSTYLE-ISHOO-I-1.gif?resize=584%2C828&#038;ssl=1\" alt=\"\" width=\"584\" height=\"828\" srcset=\"https:\/\/i0.wp.com\/mainstyle.org\/wp-content\/uploads\/MAINSTYLE-ISHOO-I-1.gif?resize=722%2C1024&amp;ssl=1 722w, https:\/\/i0.wp.com\/mainstyle.org\/wp-content\/uploads\/MAINSTYLE-ISHOO-I-1.gif?resize=212%2C300&amp;ssl=1 212w\" sizes=\"auto, (max-width: 584px) 100vw, 584px\" \/><\/a><\/p>\n<hr>\n<p>U<strong>nd hier nun&nbsp;MAINSTYLE ISHOO II &#8211; 1990:<\/strong><br \/>\n<a href=\"https:\/\/www.mainstyle.org\/wp-content\/uploads\/MAINSTYLE-ISHOO-II_v1_ID2018.pdf\"><img data-recalc-dims=\"1\" loading=\"lazy\" decoding=\"async\" data-attachment-id=\"1965464\" data-permalink=\"https:\/\/mainstyle.org\/index.php\/mainstyle-magazin-download\/ohne-titel-1\/\" data-orig-file=\"https:\/\/i0.wp.com\/mainstyle.org\/wp-content\/uploads\/Ohne-Titel-1.png?fit=719%2C1024&amp;ssl=1\" data-orig-size=\"719,1024\" data-comments-opened=\"1\" data-image-meta=\"{&quot;aperture&quot;:&quot;0&quot;,&quot;credit&quot;:&quot;&quot;,&quot;camera&quot;:&quot;&quot;,&quot;caption&quot;:&quot;&quot;,&quot;created_timestamp&quot;:&quot;0&quot;,&quot;copyright&quot;:&quot;&quot;,&quot;focal_length&quot;:&quot;0&quot;,&quot;iso&quot;:&quot;0&quot;,&quot;shutter_speed&quot;:&quot;0&quot;,&quot;title&quot;:&quot;&quot;,&quot;orientation&quot;:&quot;0&quot;}\" data-image-title=\"Ohne Titel-1\" data-image-description=\"\" data-image-caption=\"\" data-large-file=\"https:\/\/i0.wp.com\/mainstyle.org\/wp-content\/uploads\/Ohne-Titel-1.png?fit=584%2C832&amp;ssl=1\" class=\"aligncenter size-large wp-image-1965464\" src=\"https:\/\/i0.wp.com\/mainstyle.org\/wp-content\/uploads\/Ohne-Titel-1.png?resize=584%2C832&#038;ssl=1\" alt=\"\" width=\"584\" height=\"832\" srcset=\"https:\/\/i0.wp.com\/mainstyle.org\/wp-content\/uploads\/Ohne-Titel-1.png?w=719&amp;ssl=1 719w, https:\/\/i0.wp.com\/mainstyle.org\/wp-content\/uploads\/Ohne-Titel-1.png?resize=211%2C300&amp;ssl=1 211w\" sizes=\"auto, (max-width: 584px) 100vw, 584px\" \/><\/a><\/p>\n<hr>\n<p><strong>MAINSTYLE ISHOO III &#8211; 1991:<br \/>\n<a href=\"https:\/\/mainstyle.org\/wp-content\/uploads\/MAINSTYLE-ISHOO-III_v1_ID2018.pdf\"><img data-recalc-dims=\"1\" loading=\"lazy\" decoding=\"async\" data-attachment-id=\"1973311\" data-permalink=\"https:\/\/mainstyle.org\/index.php\/mainstyle-magazin-download\/mainstyle-ishoo-3\/\" data-orig-file=\"https:\/\/i0.wp.com\/mainstyle.org\/wp-content\/uploads\/Mainstyle-Ishoo-3.jpg?fit=714%2C1020&amp;ssl=1\" data-orig-size=\"714,1020\" data-comments-opened=\"1\" data-image-meta=\"{&quot;aperture&quot;:&quot;0&quot;,&quot;credit&quot;:&quot;&quot;,&quot;camera&quot;:&quot;&quot;,&quot;caption&quot;:&quot;&quot;,&quot;created_timestamp&quot;:&quot;0&quot;,&quot;copyright&quot;:&quot;&quot;,&quot;focal_length&quot;:&quot;0&quot;,&quot;iso&quot;:&quot;0&quot;,&quot;shutter_speed&quot;:&quot;0&quot;,&quot;title&quot;:&quot;&quot;,&quot;orientation&quot;:&quot;1&quot;}\" data-image-title=\"Mainstyle Ishoo-3\" data-image-description=\"\" data-image-caption=\"\" data-large-file=\"https:\/\/i0.wp.com\/mainstyle.org\/wp-content\/uploads\/Mainstyle-Ishoo-3.jpg?fit=584%2C834&amp;ssl=1\" class=\"aligncenter size-full wp-image-1973311\" src=\"https:\/\/i0.wp.com\/mainstyle.org\/wp-content\/uploads\/Mainstyle-Ishoo-3.jpg?resize=584%2C834&#038;ssl=1\" alt=\"\" width=\"584\" height=\"834\" srcset=\"https:\/\/i0.wp.com\/mainstyle.org\/wp-content\/uploads\/Mainstyle-Ishoo-3.jpg?w=714&amp;ssl=1 714w, https:\/\/i0.wp.com\/mainstyle.org\/wp-content\/uploads\/Mainstyle-Ishoo-3.jpg?resize=210%2C300&amp;ssl=1 210w\" sizes=\"auto, (max-width: 584px) 100vw, 584px\" \/><\/a><\/strong><\/p>\n<hr>\n<p><strong>MAINSTYLE ISHOO IV:<a href=\"https:\/\/mainstyle.org\/wp-content\/uploads\/MAINSTYLE-ISHOO-IV_v1_ID2018.pdf\"><img data-recalc-dims=\"1\" loading=\"lazy\" decoding=\"async\" data-attachment-id=\"1975292\" data-permalink=\"https:\/\/mainstyle.org\/index.php\/mainstyle-magazin-download\/mainstyle-iv-1\/\" data-orig-file=\"https:\/\/i0.wp.com\/mainstyle.org\/wp-content\/uploads\/mainstyle-iV-1.jpg?fit=1449%2C2048&amp;ssl=1\" data-orig-size=\"1449,2048\" data-comments-opened=\"1\" data-image-meta=\"{&quot;aperture&quot;:&quot;0&quot;,&quot;credit&quot;:&quot;&quot;,&quot;camera&quot;:&quot;&quot;,&quot;caption&quot;:&quot;&quot;,&quot;created_timestamp&quot;:&quot;1519251651&quot;,&quot;copyright&quot;:&quot;&quot;,&quot;focal_length&quot;:&quot;0&quot;,&quot;iso&quot;:&quot;0&quot;,&quot;shutter_speed&quot;:&quot;0&quot;,&quot;title&quot;:&quot;&quot;,&quot;orientation&quot;:&quot;0&quot;}\" data-image-title=\"mainstyle iV-1\" data-image-description=\"\" data-image-caption=\"\" data-large-file=\"https:\/\/i0.wp.com\/mainstyle.org\/wp-content\/uploads\/mainstyle-iV-1.jpg?fit=584%2C825&amp;ssl=1\" class=\"aligncenter size-large wp-image-1975292\" src=\"https:\/\/i0.wp.com\/mainstyle.org\/wp-content\/uploads\/mainstyle-iV-1.jpg?resize=584%2C825&#038;ssl=1\" alt=\"\" width=\"584\" height=\"825\" srcset=\"https:\/\/i0.wp.com\/mainstyle.org\/wp-content\/uploads\/mainstyle-iV-1.jpg?resize=725%2C1024&amp;ssl=1 725w, https:\/\/i0.wp.com\/mainstyle.org\/wp-content\/uploads\/mainstyle-iV-1.jpg?resize=212%2C300&amp;ssl=1 212w, https:\/\/i0.wp.com\/mainstyle.org\/wp-content\/uploads\/mainstyle-iV-1.jpg?resize=768%2C1085&amp;ssl=1 768w, https:\/\/i0.wp.com\/mainstyle.org\/wp-content\/uploads\/mainstyle-iV-1.jpg?w=1449&amp;ssl=1 1449w, https:\/\/i0.wp.com\/mainstyle.org\/wp-content\/uploads\/mainstyle-iV-1.jpg?w=1168&amp;ssl=1 1168w\" sizes=\"auto, (max-width: 584px) 100vw, 584px\" \/><\/a><br \/>\n<\/strong><\/p>\n<hr>\n<p><strong>MAINSTYLE ISHOO V:<\/strong><a href=\"https:\/\/mainstyle.org\/wp-content\/uploads\/MAINSTYLE-ISHOO-V_v1_ID2018.pdf\"><img data-recalc-dims=\"1\" loading=\"lazy\" decoding=\"async\" data-attachment-id=\"1975351\" data-permalink=\"https:\/\/mainstyle.org\/index.php\/mainstyle-magazin-download\/mainstyle-ishoo-4-2\/\" data-orig-file=\"https:\/\/i0.wp.com\/mainstyle.org\/wp-content\/uploads\/Mainstyle-Ishoo-4-1.jpg?fit=1002%2C721&amp;ssl=1\" data-orig-size=\"1002,721\" data-comments-opened=\"1\" data-image-meta=\"{&quot;aperture&quot;:&quot;0&quot;,&quot;credit&quot;:&quot;&quot;,&quot;camera&quot;:&quot;&quot;,&quot;caption&quot;:&quot;&quot;,&quot;created_timestamp&quot;:&quot;0&quot;,&quot;copyright&quot;:&quot;&quot;,&quot;focal_length&quot;:&quot;0&quot;,&quot;iso&quot;:&quot;0&quot;,&quot;shutter_speed&quot;:&quot;0&quot;,&quot;title&quot;:&quot;&quot;,&quot;orientation&quot;:&quot;1&quot;}\" data-image-title=\"Mainstyle Ishoo-4\" data-image-description=\"\" data-image-caption=\"\" data-large-file=\"https:\/\/i0.wp.com\/mainstyle.org\/wp-content\/uploads\/Mainstyle-Ishoo-4-1.jpg?fit=584%2C420&amp;ssl=1\" class=\"aligncenter size-full wp-image-1975351\" src=\"https:\/\/i0.wp.com\/mainstyle.org\/wp-content\/uploads\/Mainstyle-Ishoo-4-1.jpg?resize=584%2C420&#038;ssl=1\" alt=\"\" width=\"584\" height=\"420\" srcset=\"https:\/\/i0.wp.com\/mainstyle.org\/wp-content\/uploads\/Mainstyle-Ishoo-4-1.jpg?w=1002&amp;ssl=1 1002w, https:\/\/i0.wp.com\/mainstyle.org\/wp-content\/uploads\/Mainstyle-Ishoo-4-1.jpg?resize=300%2C216&amp;ssl=1 300w, https:\/\/i0.wp.com\/mainstyle.org\/wp-content\/uploads\/Mainstyle-Ishoo-4-1.jpg?resize=768%2C553&amp;ssl=1 768w, https:\/\/i0.wp.com\/mainstyle.org\/wp-content\/uploads\/Mainstyle-Ishoo-4-1.jpg?resize=417%2C300&amp;ssl=1 417w\" sizes=\"auto, (max-width: 584px) 100vw, 584px\" \/><\/a>&#8212;&#8212;&#8212;&#8212;&#8212;&#8212;&#8212;&#8212;&#8212;&#8212;&#8212;&#8212;&#8212;&#8212;&#8212;&#8212;&#8212;&#8212;&#8212;&#8212;&#8212;&#8212;&#8212;&#8212;&#8212;&#8212;&#8212;&#8212;&#8212;&#8212;&#8212;&#8212;&#8212;&#8212;&#8212;&#8212;&#8212;&#8212;&#8211;<\/p>\n<p>And finally, die letzte, aber daf\u00fcr Doppelausgabe.<br \/>\n<strong>MAINSTYLE ISHOO VI-VII:<br \/>\n<a href=\"https:\/\/mainstyle.org\/wp-content\/uploads\/MAINSTYLE-ISHOO-VI-VII_v1_ID2018.pdf\"><img data-recalc-dims=\"1\" loading=\"lazy\" decoding=\"async\" data-attachment-id=\"1980454\" data-permalink=\"https:\/\/mainstyle.org\/index.php\/mainstyle-magazin-download\/mainstyle-ishoo-5\/\" data-orig-file=\"https:\/\/i0.wp.com\/mainstyle.org\/wp-content\/uploads\/Mainstyle-Ishoo-5.jpg?fit=951%2C662&amp;ssl=1\" data-orig-size=\"951,662\" data-comments-opened=\"1\" data-image-meta=\"{&quot;aperture&quot;:&quot;0&quot;,&quot;credit&quot;:&quot;&quot;,&quot;camera&quot;:&quot;&quot;,&quot;caption&quot;:&quot;&quot;,&quot;created_timestamp&quot;:&quot;0&quot;,&quot;copyright&quot;:&quot;&quot;,&quot;focal_length&quot;:&quot;0&quot;,&quot;iso&quot;:&quot;0&quot;,&quot;shutter_speed&quot;:&quot;0&quot;,&quot;title&quot;:&quot;&quot;,&quot;orientation&quot;:&quot;1&quot;}\" data-image-title=\"Mainstyle Ishoo-5\" data-image-description=\"\" data-image-caption=\"\" data-large-file=\"https:\/\/i0.wp.com\/mainstyle.org\/wp-content\/uploads\/Mainstyle-Ishoo-5.jpg?fit=584%2C407&amp;ssl=1\" class=\"aligncenter size-full wp-image-1980454\" src=\"https:\/\/i0.wp.com\/mainstyle.org\/wp-content\/uploads\/Mainstyle-Ishoo-5.jpg?resize=584%2C407&#038;ssl=1\" alt=\"\" width=\"584\" height=\"407\" srcset=\"https:\/\/i0.wp.com\/mainstyle.org\/wp-content\/uploads\/Mainstyle-Ishoo-5.jpg?w=951&amp;ssl=1 951w, https:\/\/i0.wp.com\/mainstyle.org\/wp-content\/uploads\/Mainstyle-Ishoo-5.jpg?resize=300%2C209&amp;ssl=1 300w, https:\/\/i0.wp.com\/mainstyle.org\/wp-content\/uploads\/Mainstyle-Ishoo-5.jpg?resize=768%2C535&amp;ssl=1 768w, https:\/\/i0.wp.com\/mainstyle.org\/wp-content\/uploads\/Mainstyle-Ishoo-5.jpg?resize=431%2C300&amp;ssl=1 431w\" sizes=\"auto, (max-width: 584px) 100vw, 584px\" \/><\/a><\/strong>HAVE PHUN! \ud83d\ude00<\/p>\n<p>&nbsp;<\/p>\n<p>&nbsp;<\/p>\n","protected":false},"excerpt":{"rendered":"<p>Hallo zusammen, hier werden in den n\u00e4chsten Wochen evtl. Monaten alle MAINSTYLE Ausgaben nach unserem damaligen Vorbild 14K, im Original (SW), zum Download angeboten und ersetzen bisherige Blogposts zu den Magazinen! Wer Bock hat, kann sich das bald auch als &hellip; <a href=\"https:\/\/mainstyle.org\/index.php\/mainstyle-magazin-download\/\">Weiterlesen <span class=\"meta-nav\">&rarr;<\/span><\/a><\/p>\n","protected":false},"author":360,"featured_media":1973297,"parent":0,"menu_order":0,"comment_status":"closed","ping_status":"closed","template":"","meta":{"jetpack_post_was_ever_published":false,"_mc_calendar":[],"footnotes":""},"class_list":["post-1957514","page","type-page","status-publish","has-post-thumbnail","hentry"],"jetpack_shortlink":"https:\/\/wp.me\/P4RzNO-8deO","jetpack_likes_enabled":true,"jetpack_sharing_enabled":true,"jetpack-related-posts":[{"id":1666526,"url":"https:\/\/mainstyle.org\/index.php\/about-me-imprint\/","url_meta":{"origin":1957514,"position":0},"title":"about me imprint","author":"admin","date":"2018-06-10","format":false,"excerpt":"Kontakt Mail an: fotojoerg at mainstyle.org Hinweis zum Copyright: Alle Bilder geh\u00f6ren mir, sprich, bei Nutzungsabsichten bitte vorher anfragen. In der Regel d\u00fcrfen alle die Bilder gerne reposten, mit Nennung der Quelle, nach Freigabe durch mich! Wie kam es zu dieser Seite? Im April 2011 erreichte mich eine Nachricht aus\u2026","rel":"","context":"\u00c4hnlicher Beitrag","block_context":{"text":"\u00c4hnlicher Beitrag","link":""},"img":{"alt_text":"","src":"","width":0,"height":0},"classes":[]},{"id":290895,"url":"https:\/\/mainstyle.org\/index.php\/graffiti-videos\/","url_meta":{"origin":1957514,"position":1},"title":"Videos","author":"admin","date":"2016-11-14","format":false,"excerpt":"Hallo zusammen, anbei eine Liste von Links zu Videos die entweder von mir produziert wurden oder mein Bild- und Videomaterial enthalten, neuere Clips weiter unten:\u00a0 1992 Rhein-Main, Frankfurt, Wiesbaden Graffiti, Steeltrains, S-Bahn, Styles & Character - (c) by MainstyleWith AIR, BOMBER, BRAIN, CHEV, KENT, ME, KISM, SIK, SONER and more!\u2026","rel":"","context":"\u00c4hnlicher Beitrag","block_context":{"text":"\u00c4hnlicher Beitrag","link":""},"img":{"alt_text":"","src":"https:\/\/i0.wp.com\/mainstyle.org\/wp-content\/uploads\/filmstrip_mainstyle_video_1024.jpg?fit=1024%2C546&ssl=1&resize=350%2C200","width":350,"height":200,"srcset":"https:\/\/i0.wp.com\/mainstyle.org\/wp-content\/uploads\/filmstrip_mainstyle_video_1024.jpg?fit=1024%2C546&ssl=1&resize=350%2C200 1x, https:\/\/i0.wp.com\/mainstyle.org\/wp-content\/uploads\/filmstrip_mainstyle_video_1024.jpg?fit=1024%2C546&ssl=1&resize=525%2C300 1.5x, https:\/\/i0.wp.com\/mainstyle.org\/wp-content\/uploads\/filmstrip_mainstyle_video_1024.jpg?fit=1024%2C546&ssl=1&resize=700%2C400 2x"},"classes":[]},{"id":7174820,"url":"https:\/\/mainstyle.org\/index.php\/frankfurt-s-bahn-spotting-orte-wo-man-s-bahnen-gut-fotografieren-kann\/","url_meta":{"origin":1957514,"position":2},"title":"Frankfurt &#8211; S-Bahn Spotting &#8211; Orte wo man S-Bahnen gut fotografieren kann","author":"admin","date":"2026-03-08","format":false,"excerpt":"Ich bin kein Spotter, ich bin ausgebildeter Fotografen Geselle.Aber, hier ein zwei Orte wo man Schnellbahnen aka S-Bahnen in Frankfurt gut fotografieren kann, wenn man wei\u00df wie :) Als Fotograf f\u00e4llt das leichter. *zwicker* S3-S6 \"rechte\" Seite Stadt ausw\u00e4rts:Emser Br\u00fccke, Haltestelle Messe: 2. S3-S6 \"rechte\" Seite Stadt einw\u00e4rts:Camberger Br\u00fccke, kurz\u2026","rel":"","context":"\u00c4hnlicher Beitrag","block_context":{"text":"\u00c4hnlicher Beitrag","link":""},"img":{"alt_text":"","src":"https:\/\/i0.wp.com\/mainstyle.org\/wp-content\/uploads\/Frankfurt_Trains2025-1_72-2.jpg?fit=1200%2C800&ssl=1&resize=350%2C200","width":350,"height":200,"srcset":"https:\/\/i0.wp.com\/mainstyle.org\/wp-content\/uploads\/Frankfurt_Trains2025-1_72-2.jpg?fit=1200%2C800&ssl=1&resize=350%2C200 1x, https:\/\/i0.wp.com\/mainstyle.org\/wp-content\/uploads\/Frankfurt_Trains2025-1_72-2.jpg?fit=1200%2C800&ssl=1&resize=525%2C300 1.5x, https:\/\/i0.wp.com\/mainstyle.org\/wp-content\/uploads\/Frankfurt_Trains2025-1_72-2.jpg?fit=1200%2C800&ssl=1&resize=700%2C400 2x, https:\/\/i0.wp.com\/mainstyle.org\/wp-content\/uploads\/Frankfurt_Trains2025-1_72-2.jpg?fit=1200%2C800&ssl=1&resize=1050%2C600 3x"},"classes":[]},{"id":160545,"url":"https:\/\/mainstyle.org\/index.php\/angebote-rund-das-thema-graffiti-streetart\/","url_meta":{"origin":1957514,"position":3},"title":"Sammler Angebote","author":"admin","date":"2016-04-24","format":false,"excerpt":"Allgemein gibt es hier haupts\u00e4chlich Produkte die ich zu Testzwecken habe anfertigen lassen oder einfach \u00fcbrig habe - in der Regel sind das Einzelst\u00fccke oder limitierte Auflagen, Privatverkauf - f\u00fcr Sammler und Fans! April 2026Alle Angebote auf Kleinanzeigen, ich r\u00e4ume auf... https:\/\/www.kleinanzeigen.de\/s-bestandsliste.html?userId=111125 Buch Hardcover, die ersten Frankfurter Offenbacher Graffiti 1987-1982\u2026","rel":"","context":"\u00c4hnlicher Beitrag","block_context":{"text":"\u00c4hnlicher Beitrag","link":""},"img":{"alt_text":"","src":"https:\/\/i0.wp.com\/mainstyle.org\/wp-content\/uploads\/DSC_0352.jpg?fit=1200%2C801&ssl=1&resize=350%2C200","width":350,"height":200,"srcset":"https:\/\/i0.wp.com\/mainstyle.org\/wp-content\/uploads\/DSC_0352.jpg?fit=1200%2C801&ssl=1&resize=350%2C200 1x, https:\/\/i0.wp.com\/mainstyle.org\/wp-content\/uploads\/DSC_0352.jpg?fit=1200%2C801&ssl=1&resize=525%2C300 1.5x, https:\/\/i0.wp.com\/mainstyle.org\/wp-content\/uploads\/DSC_0352.jpg?fit=1200%2C801&ssl=1&resize=700%2C400 2x, https:\/\/i0.wp.com\/mainstyle.org\/wp-content\/uploads\/DSC_0352.jpg?fit=1200%2C801&ssl=1&resize=1050%2C600 3x"},"classes":[]},{"id":5596507,"url":"https:\/\/mainstyle.org\/index.php\/community-support\/","url_meta":{"origin":1957514,"position":4},"title":"Community Support","author":"admin","date":"2023-01-05","format":false,"excerpt":"Wo konnte ich Bilder spenden oder einen Beitrag leisten mit Fotografien, Leinw\u00e4nden oder Videos? 2025\/2026 ET420 Plochi Canvas f\u00fcr Spuk: 03\/2025 ET420 Plochi Canvas f\u00fcr EIN_PRO_SUCHT_KONTRA (gekauft hat er zwei Leinw\u00e4nde!): 03\/2025 ET420 Plochi Canvas f\u00fcr EIN_PRO_SUCHT_KONTRA (gekauft hat er zwei Leinw\u00e4nde!): 02\/2025 ET420 Plochi Canvas f\u00fcr EIN_PRO_SUCHT_KONTRA zwei gekauft\u2026","rel":"","context":"\u00c4hnlicher Beitrag","block_context":{"text":"\u00c4hnlicher Beitrag","link":""},"img":{"alt_text":"","src":"https:\/\/i0.wp.com\/mainstyle.org\/wp-content\/uploads\/Frankfurt_Springjam_92_1-scaled.jpg?fit=1200%2C324&ssl=1&resize=350%2C200","width":350,"height":200,"srcset":"https:\/\/i0.wp.com\/mainstyle.org\/wp-content\/uploads\/Frankfurt_Springjam_92_1-scaled.jpg?fit=1200%2C324&ssl=1&resize=350%2C200 1x, https:\/\/i0.wp.com\/mainstyle.org\/wp-content\/uploads\/Frankfurt_Springjam_92_1-scaled.jpg?fit=1200%2C324&ssl=1&resize=525%2C300 1.5x, https:\/\/i0.wp.com\/mainstyle.org\/wp-content\/uploads\/Frankfurt_Springjam_92_1-scaled.jpg?fit=1200%2C324&ssl=1&resize=700%2C400 2x, https:\/\/i0.wp.com\/mainstyle.org\/wp-content\/uploads\/Frankfurt_Springjam_92_1-scaled.jpg?fit=1200%2C324&ssl=1&resize=1050%2C600 3x"},"classes":[]},{"id":1113262,"url":"https:\/\/mainstyle.org\/index.php\/datenschutzerklaerung\/","url_meta":{"origin":1957514,"position":5},"title":"DSGVO","author":"admin","date":"2018-04-30","format":false,"excerpt":"Datenschutzerkl\u00e4rung Die Nutzung dieser Website ist ohne Angabe personenbezogener Daten m\u00f6glich. Soweit auf diesen Seiten personenbezogene Daten (beispielsweise Name, Anschrift\u00a0oder E-Mail-Adressen) erhoben werden, erfolgt dies, soweit m\u00f6glich, stets auf freiwilliger Basis.\u00a0Diese Daten werden ohne Ihre ausdr\u00fcckliche Zustimmung nicht an Dritte weitergegeben. \u2022 Cookies Diese Internetseiten verwenden teilweise sogenannte Cookies. Cookies\u2026","rel":"","context":"\u00c4hnlicher Beitrag","block_context":{"text":"\u00c4hnlicher Beitrag","link":""},"img":{"alt_text":"","src":"","width":0,"height":0},"classes":[]}],"_links":{"self":[{"href":"https:\/\/mainstyle.org\/index.php\/wp-json\/wp\/v2\/pages\/1957514","targetHints":{"allow":["GET"]}}],"collection":[{"href":"https:\/\/mainstyle.org\/index.php\/wp-json\/wp\/v2\/pages"}],"about":[{"href":"https:\/\/mainstyle.org\/index.php\/wp-json\/wp\/v2\/types\/page"}],"author":[{"embeddable":true,"href":"https:\/\/mainstyle.org\/index.php\/wp-json\/wp\/v2\/users\/360"}],"replies":[{"embeddable":true,"href":"https:\/\/mainstyle.org\/index.php\/wp-json\/wp\/v2\/comments?post=1957514"}],"version-history":[{"count":17,"href":"https:\/\/mainstyle.org\/index.php\/wp-json\/wp\/v2\/pages\/1957514\/revisions"}],"predecessor-version":[{"id":5596495,"href":"https:\/\/mainstyle.org\/index.php\/wp-json\/wp\/v2\/pages\/1957514\/revisions\/5596495"}],"wp:featuredmedia":[{"embeddable":true,"href":"https:\/\/mainstyle.org\/index.php\/wp-json\/wp\/v2\/media\/1973297"}],"wp:attachment":[{"href":"https:\/\/mainstyle.org\/index.php\/wp-json\/wp\/v2\/media?parent=1957514"}],"curies":[{"name":"wp","href":"https:\/\/api.w.org\/{rel}","templated":true}]}}