{"id":290895,"date":"2016-11-14T22:39:00","date_gmt":"2016-11-14T21:39:00","guid":{"rendered":"http:\/\/www.mainstyle.org\/?page_id=290895"},"modified":"2025-11-24T23:08:25","modified_gmt":"2025-11-24T22:08:25","slug":"graffiti-videos","status":"publish","type":"page","link":"https:\/\/mainstyle.org\/index.php\/graffiti-videos\/","title":{"rendered":"Videos"},"content":{"rendered":"<p>Hallo zusammen,<\/p>\n<p>anbei eine Liste von Links zu Videos die entweder von mir produziert wurden oder mein Bild- und Videomaterial enthalten, <a href=\"#NEUZEIT\">neuere Clips<\/a> weiter unten:\u00a0<\/p>\n<p><iframe loading=\"lazy\" title=\"Graffiti Video Frankfurt am Main Germany -Mainstyle 1992 HD\" frameborder=\"0\" width=\"584\" height=\"479\" src=\"https:\/\/geo.dailymotion.com\/player.html?video=x254kdm&#038;\" allowfullscreen allow=\"autoplay; fullscreen; picture-in-picture; web-share\"><\/iframe><\/p>\n<p><a href=\"http:\/\/www.dailymotion.com\/video\/x254kdm_graffiti-video-frankfurt-am-main-germany-mainstyle-1992-hd_creation\">1992 Rhein-Main, Frankfurt, Wiesbaden Graffiti, Steeltrains, S-Bahn, Styles &amp; Character &#8211; (c) by Mainstyle<\/a><br \/>With AIR, BOMBER, BRAIN, CHEV, KENT, ME, KISM, SIK, SONER and more!<\/p>\n<p><iframe loading=\"lazy\" title=\"Breakdance Battle Bornheim Germany 1991 Earth Edge Productions\" frameborder=\"0\" width=\"584\" height=\"438\" src=\"https:\/\/geo.dailymotion.com\/player.html?video=x287nuj&#038;\" allowfullscreen allow=\"autoplay; fullscreen; picture-in-picture; web-share\"><\/iframe><\/p>\n<p><a href=\"http:\/\/www.dailymotion.com\/video\/x287nuj_breakdance-battle-bornheim-germany-1991-earth-edge-productions_creation\">1991 Jam, Breakdance Battle Frankfurt Bornheim, Earth&#8217;s Edge &lt; KLICK<br \/><\/a><\/p>\n<p>Workprint Hip Hop Tactics with Earth&#8217;s Edge, Jimmy &amp; Gerry 1992<br \/>Braucht 4-5 Sekunden bis es anf\u00e4ngt!<\/p>\n<p><iframe loading=\"lazy\" src=\"\/\/www.dailymotion.com\/embed\/video\/x254mrq\" width=\"480\" height=\"270\" frameborder=\"0\" allowfullscreen=\"allowfullscreen\"><\/iframe><\/p>\n<p>Das ist die erste\u00a0Arbeitsversion mit Jimmy und Gerry, das Projekt ist irgendwann eingeschlafen, wurde aber sp\u00e4ter fortgef\u00fchrt (ohne mich) siehe Hip Hop Tactics4<\/p>\n<p>Die offizielle Version von <a href=\"https:\/\/drive.google.com\/open?id=0B2AVuj_ouQadUFVlQVFlc1pJcWs\">Hip Hop Tactics 4<\/a> \u00a0aus dem Jahr 1993\u00a0wurde aus dem Netz genommen.\u00a0Ich biete sie\u00a0aber mal hier an, bis ich auch abgemahnt werde \ud83d\ude00<\/p>\n<p><iframe loading=\"lazy\" src=\"https:\/\/drive.google.com\/file\/d\/0B2AVuj_ouQadUFVlQVFlc1pJcWs\/preview\" width=\"640\" height=\"480\"><\/iframe><\/p>\n<p>Snippets von der Godfathers of Rap Tour, MC Cal-Ski, Bomber, Kurtis Blow, Grandmaster Flash, Sugar Hill Gang, Loomit, Bomber Interview, made by Gerry B aka Cutmaster GB, mir in der gro\u00dfen Freiheit Hamburg MIT Haaren! \ud83d\ude00 und und und<\/p>\n<p><strong>Dann noch ein Video von meinem ersten ZIP Fotobuch,<\/strong><br \/>Graffiti Bilder von 1987 bis\u00a0 1991, mit die ersten Graffiti in Frankfurt am Main.<\/p>\n<p><iframe loading=\"lazy\" src=\"\/\/www.dailymotion.com\/embed\/video\/x26hrnj\" width=\"480\" height=\"270\" frameborder=\"0\" allowfullscreen=\"allowfullscreen\"><\/iframe><\/p>\n<p>Ist limitiert und ausverkauft, hab nur noch &#8222;mein&#8220; Exemplar.<\/p>\n<h4>NEUZEIT Beginnt hier:<\/h4>\n<h4 class=\"QueueInfoContent__title___2Gvkw\">Frankfurt Hall of Fame VERS FUEGO ME-ONE RONE KLARKKENT DEBS EAT<br \/>Rektaal &#8211; DBLCREW &#8211; ILLZOO &#8211; IZM &#8211; RZM 2015<\/h4>\n<p><iframe loading=\"lazy\" src=\"\/\/www.dailymotion.com\/embed\/video\/x2sxw6i\" width=\"480\" height=\"270\" frameborder=\"0\" allowfullscreen=\"allowfullscreen\"><\/iframe><\/p>\n<p>Ill Zoo &amp; DKN Special, 2015\/2016 Frankfurt Ratswegskreisel ca 80 Meter<\/p>\n<p><iframe loading=\"lazy\" src=\"\/\/www.dailymotion.com\/embed\/video\/x3qv5du\" width=\"480\" height=\"270\" frameborder=\"0\" allowfullscreen=\"allowfullscreen\"><\/iframe><\/p>\n<p>Ratswegreisel 2016,\u00a0mit DKN, UTB, Supercrew, OMG, RSM, Ill ZOO &amp; Captunes<\/p>\n<p><iframe loading=\"lazy\" src=\"\/\/www.dailymotion.com\/embed\/video\/x58m16t\" width=\"480\" height=\"270\" frameborder=\"0\" allowfullscreen=\"allowfullscreen\"><\/iframe><\/p>\n<p>80 Meter Wall, Ratswegkreisel, 2016 im Regen, on da Walls:<br \/>BASK, BAKER, MEIR, OLSEN, STAR, RADIK, CINK, SPORT, PASS, HYPE, HERO, SPADE und PORE<\/p>\n<p><iframe loading=\"lazy\" src=\"\/\/www.dailymotion.com\/embed\/video\/x4z2h24\" width=\"480\" height=\"270\" frameborder=\"0\" allowfullscreen=\"allowfullscreen\"><\/iframe><\/p>\n<p>Captunes Wall, &#8222;D\u00c4SE&#8220;, Ratswegkreisel 2016<\/p>\n<p><iframe loading=\"lazy\" src=\"\/\/www.dailymotion.com\/embed\/video\/x51u3u5\" width=\"480\" height=\"270\" frameborder=\"0\" allowfullscreen=\"allowfullscreen\"><\/iframe><\/p>\n<p>Winterwall 2016 Frankfurt Ratswegkreisel:<\/p>\n<p><iframe loading=\"lazy\" src=\"\/\/www.dailymotion.com\/embed\/video\/x5anapn\" width=\"480\" height=\"270\" frameborder=\"0\" allowfullscreen=\"allowfullscreen\"><\/iframe><\/p>\n<p>2018 12 ZIP&amp;HEXER Teil2 Photobuch&#8230;<\/p>\n\n\n<figure class=\"wp-block-embed is-type-video is-provider-youtube wp-block-embed-youtube wp-embed-aspect-16-9 wp-has-aspect-ratio\"><div class=\"wp-block-embed__wrapper\">\n<span class=\"embed-youtube\" style=\"text-align:center; display: block;\"><iframe loading=\"lazy\" class=\"youtube-player\" width=\"584\" height=\"329\" src=\"https:\/\/www.youtube.com\/embed\/3csru6ugDeM?version=3&#038;rel=1&#038;showsearch=0&#038;showinfo=1&#038;iv_load_policy=1&#038;fs=1&#038;hl=de-DE&#038;autohide=2&#038;wmode=transparent\" allowfullscreen=\"true\" style=\"border:0;\" sandbox=\"allow-scripts allow-same-origin allow-popups allow-presentation allow-popups-to-escape-sandbox\"><\/iframe><\/span>\n<\/div><\/figure>\n\n\n<\/p>\n<p>Have Phun!<\/p>\n<p>PS: Wer weitere Videos kennt die zu dem Webseitenthema passen,<br \/>bitte mir den Link zu fotojoerg at mainstyle.org schicken! Danke!<\/p>","protected":false},"excerpt":{"rendered":"<p>Hallo zusammen, anbei eine Liste von Links zu Videos die entweder von mir produziert wurden oder mein Bild- und Videomaterial enthalten, neuere Clips weiter unten:\u00a0 1992 Rhein-Main, Frankfurt, Wiesbaden Graffiti, Steeltrains, S-Bahn, Styles &amp; Character &#8211; (c) by MainstyleWith AIR, &hellip; <a href=\"https:\/\/mainstyle.org\/index.php\/graffiti-videos\/\">Weiterlesen <span class=\"meta-nav\">&rarr;<\/span><\/a><\/p>\n","protected":false},"author":360,"featured_media":1113618,"parent":0,"menu_order":0,"comment_status":"closed","ping_status":"closed","template":"","meta":{"jetpack_post_was_ever_published":false,"_mc_calendar":[],"footnotes":""},"class_list":["post-290895","page","type-page","status-publish","has-post-thumbnail","hentry"],"jetpack_shortlink":"https:\/\/wp.me\/P4RzNO-1dFR","jetpack_likes_enabled":true,"jetpack_sharing_enabled":true,"jetpack-related-posts":[{"id":5596507,"url":"https:\/\/mainstyle.org\/index.php\/community-support\/","url_meta":{"origin":290895,"position":0},"title":"Community Support","author":"admin","date":"2023-01-05","format":false,"excerpt":"Wo konnte ich Bilder spenden oder einen Beitrag leisten mit Fotografien, Leinw\u00e4nden oder Videos? 2025\/2026 ET420 Plochi Canvas f\u00fcr Spuk: 03\/2025 ET420 Plochi Canvas f\u00fcr EIN_PRO_SUCHT_KONTRA (gekauft hat er zwei Leinw\u00e4nde!): 03\/2025 ET420 Plochi Canvas f\u00fcr EIN_PRO_SUCHT_KONTRA (gekauft hat er zwei Leinw\u00e4nde!): 02\/2025 ET420 Plochi Canvas f\u00fcr EIN_PRO_SUCHT_KONTRA zwei gekauft\u2026","rel":"","context":"\u00c4hnlicher Beitrag","block_context":{"text":"\u00c4hnlicher Beitrag","link":""},"img":{"alt_text":"","src":"https:\/\/i0.wp.com\/mainstyle.org\/wp-content\/uploads\/Frankfurt_Springjam_92_1-scaled.jpg?fit=1200%2C324&ssl=1&resize=350%2C200","width":350,"height":200,"srcset":"https:\/\/i0.wp.com\/mainstyle.org\/wp-content\/uploads\/Frankfurt_Springjam_92_1-scaled.jpg?fit=1200%2C324&ssl=1&resize=350%2C200 1x, https:\/\/i0.wp.com\/mainstyle.org\/wp-content\/uploads\/Frankfurt_Springjam_92_1-scaled.jpg?fit=1200%2C324&ssl=1&resize=525%2C300 1.5x, https:\/\/i0.wp.com\/mainstyle.org\/wp-content\/uploads\/Frankfurt_Springjam_92_1-scaled.jpg?fit=1200%2C324&ssl=1&resize=700%2C400 2x, https:\/\/i0.wp.com\/mainstyle.org\/wp-content\/uploads\/Frankfurt_Springjam_92_1-scaled.jpg?fit=1200%2C324&ssl=1&resize=1050%2C600 3x"},"classes":[]},{"id":1666526,"url":"https:\/\/mainstyle.org\/index.php\/about-me-imprint\/","url_meta":{"origin":290895,"position":1},"title":"about me imprint","author":"admin","date":"2018-06-10","format":false,"excerpt":"Kontakt Mail an: fotojoerg at mainstyle.org Hinweis zum Copyright: Alle Bilder geh\u00f6ren mir, sprich, bei Nutzungsabsichten bitte vorher anfragen. In der Regel d\u00fcrfen alle die Bilder gerne reposten, mit Nennung der Quelle, nach Freigabe durch mich! Wie kam es zu dieser Seite? Im April 2011 erreichte mich eine Nachricht aus\u2026","rel":"","context":"\u00c4hnlicher Beitrag","block_context":{"text":"\u00c4hnlicher Beitrag","link":""},"img":{"alt_text":"","src":"","width":0,"height":0},"classes":[]},{"id":7174820,"url":"https:\/\/mainstyle.org\/index.php\/frankfurt-s-bahn-spotting-orte-wo-man-s-bahnen-gut-fotografieren-kann\/","url_meta":{"origin":290895,"position":2},"title":"Frankfurt &#8211; S-Bahn Spotting &#8211; Orte wo man S-Bahnen gut fotografieren kann","author":"admin","date":"2026-03-08","format":false,"excerpt":"Ich bin kein Spotter, ich bin ausgebildeter Fotografen Geselle.Aber, hier ein zwei Orte wo man Schnellbahnen aka S-Bahnen in Frankfurt gut fotografieren kann, wenn man wei\u00df wie :) Als Fotograf f\u00e4llt das leichter. *zwicker* S3-S6 \"rechte\" Seite Stadt ausw\u00e4rts:Emser Br\u00fccke, Haltestelle Messe: 2. S3-S6 \"rechte\" Seite Stadt einw\u00e4rts:Camberger Br\u00fccke, kurz\u2026","rel":"","context":"\u00c4hnlicher Beitrag","block_context":{"text":"\u00c4hnlicher Beitrag","link":""},"img":{"alt_text":"","src":"https:\/\/i0.wp.com\/mainstyle.org\/wp-content\/uploads\/Frankfurt_Trains2025-1_72-2.jpg?fit=1200%2C800&ssl=1&resize=350%2C200","width":350,"height":200,"srcset":"https:\/\/i0.wp.com\/mainstyle.org\/wp-content\/uploads\/Frankfurt_Trains2025-1_72-2.jpg?fit=1200%2C800&ssl=1&resize=350%2C200 1x, https:\/\/i0.wp.com\/mainstyle.org\/wp-content\/uploads\/Frankfurt_Trains2025-1_72-2.jpg?fit=1200%2C800&ssl=1&resize=525%2C300 1.5x, https:\/\/i0.wp.com\/mainstyle.org\/wp-content\/uploads\/Frankfurt_Trains2025-1_72-2.jpg?fit=1200%2C800&ssl=1&resize=700%2C400 2x, https:\/\/i0.wp.com\/mainstyle.org\/wp-content\/uploads\/Frankfurt_Trains2025-1_72-2.jpg?fit=1200%2C800&ssl=1&resize=1050%2C600 3x"},"classes":[]},{"id":160545,"url":"https:\/\/mainstyle.org\/index.php\/angebote-rund-das-thema-graffiti-streetart\/","url_meta":{"origin":290895,"position":3},"title":"Sammler Angebote","author":"admin","date":"2016-04-24","format":false,"excerpt":"Allgemein gibt es hier haupts\u00e4chlich Produkte die ich zu Testzwecken habe anfertigen lassen oder einfach \u00fcbrig habe - in der Regel sind das Einzelst\u00fccke oder limitierte Auflagen, Privatverkauf - f\u00fcr Sammler und Fans! Feb 2026 Gebrauchte Alu-Dibond Pieces: Und eine Leinwand 60x40x2 mit einem Spr\u00fchkopf, einer gebrauchten CAP: Buch Hardcover,\u2026","rel":"","context":"\u00c4hnlicher Beitrag","block_context":{"text":"\u00c4hnlicher Beitrag","link":""},"img":{"alt_text":"","src":"https:\/\/i0.wp.com\/mainstyle.org\/wp-content\/uploads\/DSC_0352.jpg?fit=1200%2C801&ssl=1&resize=350%2C200","width":350,"height":200,"srcset":"https:\/\/i0.wp.com\/mainstyle.org\/wp-content\/uploads\/DSC_0352.jpg?fit=1200%2C801&ssl=1&resize=350%2C200 1x, https:\/\/i0.wp.com\/mainstyle.org\/wp-content\/uploads\/DSC_0352.jpg?fit=1200%2C801&ssl=1&resize=525%2C300 1.5x, https:\/\/i0.wp.com\/mainstyle.org\/wp-content\/uploads\/DSC_0352.jpg?fit=1200%2C801&ssl=1&resize=700%2C400 2x, https:\/\/i0.wp.com\/mainstyle.org\/wp-content\/uploads\/DSC_0352.jpg?fit=1200%2C801&ssl=1&resize=1050%2C600 3x"},"classes":[]},{"id":1113262,"url":"https:\/\/mainstyle.org\/index.php\/datenschutzerklaerung\/","url_meta":{"origin":290895,"position":4},"title":"DSGVO","author":"admin","date":"2018-04-30","format":false,"excerpt":"Datenschutzerkl\u00e4rung Die Nutzung dieser Website ist ohne Angabe personenbezogener Daten m\u00f6glich. Soweit auf diesen Seiten personenbezogene Daten (beispielsweise Name, Anschrift\u00a0oder E-Mail-Adressen) erhoben werden, erfolgt dies, soweit m\u00f6glich, stets auf freiwilliger Basis.\u00a0Diese Daten werden ohne Ihre ausdr\u00fcckliche Zustimmung nicht an Dritte weitergegeben. \u2022 Cookies Diese Internetseiten verwenden teilweise sogenannte Cookies. Cookies\u2026","rel":"","context":"\u00c4hnlicher Beitrag","block_context":{"text":"\u00c4hnlicher Beitrag","link":""},"img":{"alt_text":"","src":"","width":0,"height":0},"classes":[]}],"_links":{"self":[{"href":"https:\/\/mainstyle.org\/index.php\/wp-json\/wp\/v2\/pages\/290895","targetHints":{"allow":["GET"]}}],"collection":[{"href":"https:\/\/mainstyle.org\/index.php\/wp-json\/wp\/v2\/pages"}],"about":[{"href":"https:\/\/mainstyle.org\/index.php\/wp-json\/wp\/v2\/types\/page"}],"author":[{"embeddable":true,"href":"https:\/\/mainstyle.org\/index.php\/wp-json\/wp\/v2\/users\/360"}],"replies":[{"embeddable":true,"href":"https:\/\/mainstyle.org\/index.php\/wp-json\/wp\/v2\/comments?post=290895"}],"version-history":[{"count":40,"href":"https:\/\/mainstyle.org\/index.php\/wp-json\/wp\/v2\/pages\/290895\/revisions"}],"predecessor-version":[{"id":7170157,"href":"https:\/\/mainstyle.org\/index.php\/wp-json\/wp\/v2\/pages\/290895\/revisions\/7170157"}],"wp:featuredmedia":[{"embeddable":true,"href":"https:\/\/mainstyle.org\/index.php\/wp-json\/wp\/v2\/media\/1113618"}],"wp:attachment":[{"href":"https:\/\/mainstyle.org\/index.php\/wp-json\/wp\/v2\/media?parent=290895"}],"curies":[{"name":"wp","href":"https:\/\/api.w.org\/{rel}","templated":true}]}}